{"id":1294,"date":"2025-01-24T18:11:34","date_gmt":"2025-01-24T18:11:34","guid":{"rendered":"https:\/\/catalzeytin.travelinfo.com.tr\/?page_id=1294"},"modified":"2025-09-09T16:27:10","modified_gmt":"2025-09-09T16:27:10","slug":"harita","status":"publish","type":"page","link":"https:\/\/catalzeytin.travelinfo.com.tr\/en\/map\/","title":{"rendered":"Map"},"content":{"rendered":"<div data-elementor-type=\"wp-page\" data-elementor-id=\"1294\" class=\"elementor elementor-1294\" data-elementor-post-type=\"page\">\n\t\t\t\t<div class=\"elementor-element elementor-element-9917387 e-con-full e-flex e-con e-parent\" data-id=\"9917387\" data-element_type=\"container\">\n\t\t\t\t<div class=\"elementor-element elementor-element-52da393 elementor-widget-mobile__width-inherit elementor-widget elementor-widget-shortcode\" data-id=\"52da393\" data-element_type=\"widget\" data-widget_type=\"shortcode.default\">\n\t\t\t\t<div class=\"elementor-widget-container\">\n\t\t\t\t\t\t\t<div class=\"elementor-shortcode\">\r\n            \r\n            \r\n            \r\n            <a name='map3'><\/a>\r\n            \r\n            \r\n            \r\n            \r\n            <div class=\"wpgmza_map\"  id=\"wpgmza_map_3\" style=\"display:block; overflow:auto; width:100%; height:90vh; margin-left:auto !important; margin-right:auto !important; align:center;\" data-settings='{\"id\":\"3\",\"map_title\":\"genel harita\",\"map_width\":\"100\",\"map_height\":\"90\",\"map_start_lat\":\"41.02617749613859\",\"map_start_lng\":\"33.542604617766806\",\"map_start_location\":\"\",\"map_start_zoom\":\"9\",\"default_marker\":\"\\\/\\\/catalzeytin.travelinfo.com.tr\\\/wp-content\\\/uploads\\\/2025\\\/09\\\/buradasiniz-mavi.png\",\"type\":\"1\",\"alignment\":\"0\",\"directions_enabled\":\"0\",\"styling_enabled\":\"0\",\"styling_json\":\"\",\"active\":\"0\",\"kml\":\"\",\"bicycle\":\"0\",\"traffic\":\"0\",\"dbox\":\"1\",\"dbox_width\":\"100\",\"listmarkers\":\"0\",\"listmarkers_advanced\":\"0\",\"filterbycat\":\"0\",\"ugm_enabled\":\"0\",\"ugm_category_enabled\":\"0\",\"fusion\":\"\",\"map_width_type\":\"%\",\"map_height_type\":\"vh\",\"mass_marker_support\":\"0\",\"ugm_access\":\"0\",\"order_markers_by\":\"1\",\"order_markers_choice\":\"1\",\"show_user_location\":\"1\",\"default_to\":\"\",\"other_settings\":{\"map_type\":1,\"sl_stroke_color\":\"#ff0000\",\"sl_fill_color\":\"#ff0000\",\"sl_stroke_opacity\":\"1\",\"sl_fill_opacity\":\"0.5\",\"transport_layer\":false,\"action\":\"wpgmza_save_map\",\"redirect_to\":\"\\\/wp-admin\\\/admin-post.php\",\"map_id\":\"3\",\"http_referer\":\"\\\/wp-admin\\\/admin.php?page=wp-google-maps-menu&amp;amp;action=edit&amp;amp;map_id=3\",\"wpgmza_id\":\"3\",\"wpgmza_start_location\":\"41.02617749613859,33.542604617766806\",\"wpgmza_start_zoom\":\"9\",\"wpgmza_theme_data\":\"[{\\\"featureType\\\": \\\"poi\\\", \\\"stylers\\\": [{\\\"visibility\\\": \\\"off\\\"}]}, {\\\"featureType\\\": \\\"transit\\\", \\\"elementType\\\": \\\"labels.icon\\\", \\\"stylers\\\": [{\\\"visibility\\\": \\\"off\\\"}]}, {\\\"stylers\\\": [{\\\"gamma\\\": 1}, {\\\"lightness\\\": 0}]}]\",\"wpgmza_dbox_width_type\":\"%\",\"default_from\":\"\",\"directions_behaviour\":\"default\",\"force_google_directions_app\":false,\"directions_route_origin_icon\":\"https:\\\/\\\/catalzeytin.travelinfo.com.tr\\\/wp-content\\\/plugins\\\/wp-google-maps\\\/images\\\/spotlight-poi3.png\",\"directions_origin_retina\":false,\"directions_route_destination_icon\":\"https:\\\/\\\/catalzeytin.travelinfo.com.tr\\\/wp-content\\\/plugins\\\/wp-google-maps\\\/images\\\/spotlight-poi3.png\",\"directions_destination_retina\":false,\"directions_route_stroke_color\":\"#4f8df5\",\"directions_route_stroke_weight\":\"4\",\"directions_route_stroke_opacity\":\"0.8\",\"directions_fit_bounds_to_route\":false,\"store_locator_enabled\":false,\"store_locator_search_area\":\"auto\",\"wpgmza_store_locator_radius_style\":\"legacy\",\"wpgmza_store_locator_default_radius\":\"10\",\"store_locator_auto_area_max_zoom\":\"\",\"wpgmza_store_locator_restrict\":\"\",\"store_locator_distance\":false,\"wpgmza_store_locator_position\":false,\"store_locator_show_distance\":false,\"store_locator_category\":false,\"wpgmza_store_locator_use_their_location\":false,\"wpgmza_store_locator_bounce\":false,\"upload_default_sl_marker\":\"\",\"upload_default_sl_marker_retina\":false,\"wpgmza_sl_animation\":\"0\",\"wpgmza_store_locator_hide_before_search\":false,\"store_locator_query_string\":\"\",\"store_locator_location_placeholder\":\"\",\"store_locator_default_address\":\"\",\"store_locator_name_search\":false,\"store_locator_name_string\":\"\",\"store_locator_not_found_message\":\"\",\"retina\":false,\"wpgmza_map_align\":\"2\",\"upload_default_ul_marker\":\"\\\/\\\/catalzeytin.travelinfo.com.tr\\\/wp-content\\\/uploads\\\/2025\\\/09\\\/buradasiniz-mavi.png\",\"upload_default_ul_marker_retina\":true,\"jump_to_nearest_marker_on_initialization\":true,\"automatically_pan_to_users_location\":false,\"override_users_location_zoom_level\":false,\"override_users_location_zoom_levels\":\"\",\"show_distance_from_location\":true,\"map_max_zoom\":\"21\",\"map_min_zoom\":\"0\",\"click_open_link\":false,\"fit_maps_bounds_to_markers\":true,\"fit_maps_bounds_to_markers_after_filtering\":false,\"hide_point_of_interest\":false,\"wpgmza_zoom_on_marker_click\":false,\"wpgmza_zoom_on_marker_click_slider\":\"\",\"close_infowindow_on_map_click\":false,\"disable_lightbox_images\":false,\"use_Raw_Jpeg_Coordinates\":false,\"polygon_labels\":false,\"disable_polygon_info_windows\":false,\"enable_advanced_custom_fields_integration\":false,\"enable_advanced_custom_fields_integration_type\":\"\",\"enable_toolset_woocommerce_integration\":false,\"enable_woo_product_integration\":false,\"enable_marker_labels\":false,\"only_load_markers_within_viewport\":false,\"zoom_level_mobile_override_enabled\":false,\"zoom_level_mobile_override\":\"\",\"iw_primary_color\":\"#000000\",\"iw_accent_color\":\"#000000\",\"iw_text_color\":\"#000000\",\"wpgmza_listmarkers_by\":\"0\",\"wpgmza_marker_listing_position\":false,\"wpgmza_push_in_map\":false,\"wpgmza_push_in_map_placement\":\"1\",\"wpgmza_push_in_map_width\":\"\",\"wpgmza_push_in_map_height\":\"\",\"zoom_level_on_marker_listing_override\":false,\"zoom_level_on_marker_listing_click\":\"\",\"marker_listing_disable_zoom\":false,\"datatable_no_result_message\":\"\",\"remove_search_box_datables\":false,\"dataTable_pagination_style\":\"default\",\"datatable_search_string\":\"\",\"datatable_result_start\":\"\",\"datatable_result_of\":\"\",\"datatable_result_to\":\"\",\"datatable_result_total\":\"\",\"datatable_result_show\":\"\",\"datatable_result_entries\":\"\",\"wpgmza_savemap\":\"Haritay\\u0131 Kaydet \\u00bb\",\"shortcodeAttributes\":{\"id\":\"3\"},\"wpgmza_theme\":\"1\"}}' data-map-id='3' data-shortcode-attributes='{\"id\":\"3\"}'> <\/div>\r\n            \r\n               \r\n        <\/div>\n\t\t\t\t\t\t<\/div>\n\t\t\t\t<\/div>\n\t\t\t\t<\/div>\n\t\t\t\t<\/div>","protected":false},"excerpt":{"rendered":"","protected":false},"author":1,"featured_media":0,"parent":0,"menu_order":0,"comment_status":"closed","ping_status":"closed","template":"elementor_header_footer","meta":{"_acf_changed":false,"footnotes":""},"categories":[],"tags":[],"class_list":["post-1294","page","type-page","status-publish","hentry"],"acf":[],"yoast_head":"<!-- This site is optimized with the Yoast SEO plugin v26.2 - https:\/\/yoast.com\/wordpress\/plugins\/seo\/ -->\n<title>Harita - \u00c7atalzeytin Gezi Rehberi<\/title>\n<meta name=\"robots\" content=\"index, follow, max-snippet:-1, max-image-preview:large, max-video-preview:-1\" \/>\n<link rel=\"canonical\" href=\"https:\/\/catalzeytin.travelinfo.com.tr\/en\/map\/\" \/>\n<meta property=\"og:locale\" content=\"en_US\" \/>\n<meta property=\"og:type\" content=\"article\" \/>\n<meta property=\"og:title\" content=\"Harita - \u00c7atalzeytin Gezi Rehberi\" \/>\n<meta property=\"og:url\" content=\"https:\/\/catalzeytin.travelinfo.com.tr\/en\/map\/\" \/>\n<meta property=\"og:site_name\" content=\"\u00c7atalzeytin Gezi Rehberi\" \/>\n<meta property=\"article:modified_time\" content=\"2025-09-09T16:27:10+00:00\" \/>\n<meta name=\"twitter:card\" content=\"summary_large_image\" \/>\n<script type=\"application\/ld+json\" class=\"yoast-schema-graph\">{\"@context\":\"https:\/\/schema.org\",\"@graph\":[{\"@type\":\"WebPage\",\"@id\":\"https:\/\/catalzeytin.travelinfo.com.tr\/harita\/\",\"url\":\"https:\/\/catalzeytin.travelinfo.com.tr\/harita\/\",\"name\":\"Harita - \u00c7atalzeytin Gezi Rehberi\",\"isPartOf\":{\"@id\":\"https:\/\/catalzeytin.travelinfo.com.tr\/#website\"},\"datePublished\":\"2025-01-24T18:11:34+00:00\",\"dateModified\":\"2025-09-09T16:27:10+00:00\",\"breadcrumb\":{\"@id\":\"https:\/\/catalzeytin.travelinfo.com.tr\/harita\/#breadcrumb\"},\"inLanguage\":\"en-US\",\"potentialAction\":[{\"@type\":\"ReadAction\",\"target\":[\"https:\/\/catalzeytin.travelinfo.com.tr\/harita\/\"]}]},{\"@type\":\"BreadcrumbList\",\"@id\":\"https:\/\/catalzeytin.travelinfo.com.tr\/harita\/#breadcrumb\",\"itemListElement\":[{\"@type\":\"ListItem\",\"position\":1,\"name\":\"Anasayfa\",\"item\":\"https:\/\/catalzeytin.travelinfo.com.tr\/\"},{\"@type\":\"ListItem\",\"position\":2,\"name\":\"Harita\"}]},{\"@type\":\"WebSite\",\"@id\":\"https:\/\/catalzeytin.travelinfo.com.tr\/#website\",\"url\":\"https:\/\/catalzeytin.travelinfo.com.tr\/\",\"name\":\"P\u0131narba\u015f\u0131 Gezi Rehberi\",\"description\":\"\u015eimdi \u00c7atalzeytini gezmek \u00e7ok kolay\",\"publisher\":{\"@id\":\"https:\/\/catalzeytin.travelinfo.com.tr\/#organization\"},\"alternateName\":\"P\u0131narba\u015f\u0131 Gezi Rehberi\",\"potentialAction\":[{\"@type\":\"SearchAction\",\"target\":{\"@type\":\"EntryPoint\",\"urlTemplate\":\"https:\/\/catalzeytin.travelinfo.com.tr\/?s={search_term_string}\"},\"query-input\":{\"@type\":\"PropertyValueSpecification\",\"valueRequired\":true,\"valueName\":\"search_term_string\"}}],\"inLanguage\":\"en-US\"},{\"@type\":\"Organization\",\"@id\":\"https:\/\/catalzeytin.travelinfo.com.tr\/#organization\",\"name\":\"P\u0131narba\u015f\u0131 Belediyesi\",\"alternateName\":\"P\u0131narba\u015f\u0131 Belediyesi\",\"url\":\"https:\/\/catalzeytin.travelinfo.com.tr\/\",\"logo\":{\"@type\":\"ImageObject\",\"inLanguage\":\"en-US\",\"@id\":\"https:\/\/catalzeytin.travelinfo.com.tr\/#\/schema\/logo\/image\/\",\"url\":\"https:\/\/catalzeytin.travelinfo.com.tr\/wp-content\/uploads\/2025\/01\/LOGOWEB.webp\",\"contentUrl\":\"https:\/\/catalzeytin.travelinfo.com.tr\/wp-content\/uploads\/2025\/01\/LOGOWEB.webp\",\"width\":1000,\"height\":305,\"caption\":\"P\u0131narba\u015f\u0131 Belediyesi\"},\"image\":{\"@id\":\"https:\/\/catalzeytin.travelinfo.com.tr\/#\/schema\/logo\/image\/\"}}]}<\/script>\n<!-- \/ Yoast SEO plugin. -->","yoast_head_json":{"title":"Harita - \u00c7atalzeytin Gezi Rehberi","robots":{"index":"index","follow":"follow","max-snippet":"max-snippet:-1","max-image-preview":"max-image-preview:large","max-video-preview":"max-video-preview:-1"},"canonical":"https:\/\/catalzeytin.travelinfo.com.tr\/en\/map\/","og_locale":"en_US","og_type":"article","og_title":"Harita - \u00c7atalzeytin Gezi Rehberi","og_url":"https:\/\/catalzeytin.travelinfo.com.tr\/en\/map\/","og_site_name":"\u00c7atalzeytin Gezi Rehberi","article_modified_time":"2025-09-09T16:27:10+00:00","twitter_card":"summary_large_image","schema":{"@context":"https:\/\/schema.org","@graph":[{"@type":"WebPage","@id":"https:\/\/catalzeytin.travelinfo.com.tr\/harita\/","url":"https:\/\/catalzeytin.travelinfo.com.tr\/harita\/","name":"Harita - \u00c7atalzeytin Gezi Rehberi","isPartOf":{"@id":"https:\/\/catalzeytin.travelinfo.com.tr\/#website"},"datePublished":"2025-01-24T18:11:34+00:00","dateModified":"2025-09-09T16:27:10+00:00","breadcrumb":{"@id":"https:\/\/catalzeytin.travelinfo.com.tr\/harita\/#breadcrumb"},"inLanguage":"en-US","potentialAction":[{"@type":"ReadAction","target":["https:\/\/catalzeytin.travelinfo.com.tr\/harita\/"]}]},{"@type":"BreadcrumbList","@id":"https:\/\/catalzeytin.travelinfo.com.tr\/harita\/#breadcrumb","itemListElement":[{"@type":"ListItem","position":1,"name":"Anasayfa","item":"https:\/\/catalzeytin.travelinfo.com.tr\/"},{"@type":"ListItem","position":2,"name":"Harita"}]},{"@type":"WebSite","@id":"https:\/\/catalzeytin.travelinfo.com.tr\/#website","url":"https:\/\/catalzeytin.travelinfo.com.tr\/","name":"P\u0131narba\u015f\u0131 Gezi Rehberi","description":"\u015eimdi \u00c7atalzeytini gezmek \u00e7ok kolay","publisher":{"@id":"https:\/\/catalzeytin.travelinfo.com.tr\/#organization"},"alternateName":"P\u0131narba\u015f\u0131 Gezi Rehberi","potentialAction":[{"@type":"SearchAction","target":{"@type":"EntryPoint","urlTemplate":"https:\/\/catalzeytin.travelinfo.com.tr\/?s={search_term_string}"},"query-input":{"@type":"PropertyValueSpecification","valueRequired":true,"valueName":"search_term_string"}}],"inLanguage":"en-US"},{"@type":"Organization","@id":"https:\/\/catalzeytin.travelinfo.com.tr\/#organization","name":"P\u0131narba\u015f\u0131 Belediyesi","alternateName":"P\u0131narba\u015f\u0131 Belediyesi","url":"https:\/\/catalzeytin.travelinfo.com.tr\/","logo":{"@type":"ImageObject","inLanguage":"en-US","@id":"https:\/\/catalzeytin.travelinfo.com.tr\/#\/schema\/logo\/image\/","url":"https:\/\/catalzeytin.travelinfo.com.tr\/wp-content\/uploads\/2025\/01\/LOGOWEB.webp","contentUrl":"https:\/\/catalzeytin.travelinfo.com.tr\/wp-content\/uploads\/2025\/01\/LOGOWEB.webp","width":1000,"height":305,"caption":"P\u0131narba\u015f\u0131 Belediyesi"},"image":{"@id":"https:\/\/catalzeytin.travelinfo.com.tr\/#\/schema\/logo\/image\/"}}]}},"_links":{"self":[{"href":"https:\/\/catalzeytin.travelinfo.com.tr\/en\/wp-json\/wp\/v2\/pages\/1294","targetHints":{"allow":["GET"]}}],"collection":[{"href":"https:\/\/catalzeytin.travelinfo.com.tr\/en\/wp-json\/wp\/v2\/pages"}],"about":[{"href":"https:\/\/catalzeytin.travelinfo.com.tr\/en\/wp-json\/wp\/v2\/types\/page"}],"author":[{"embeddable":true,"href":"https:\/\/catalzeytin.travelinfo.com.tr\/en\/wp-json\/wp\/v2\/users\/1"}],"replies":[{"embeddable":true,"href":"https:\/\/catalzeytin.travelinfo.com.tr\/en\/wp-json\/wp\/v2\/comments?post=1294"}],"version-history":[{"count":53,"href":"https:\/\/catalzeytin.travelinfo.com.tr\/en\/wp-json\/wp\/v2\/pages\/1294\/revisions"}],"predecessor-version":[{"id":3451,"href":"https:\/\/catalzeytin.travelinfo.com.tr\/en\/wp-json\/wp\/v2\/pages\/1294\/revisions\/3451"}],"wp:attachment":[{"href":"https:\/\/catalzeytin.travelinfo.com.tr\/en\/wp-json\/wp\/v2\/media?parent=1294"}],"wp:term":[{"taxonomy":"category","embeddable":true,"href":"https:\/\/catalzeytin.travelinfo.com.tr\/en\/wp-json\/wp\/v2\/categories?post=1294"},{"taxonomy":"post_tag","embeddable":true,"href":"https:\/\/catalzeytin.travelinfo.com.tr\/en\/wp-json\/wp\/v2\/tags?post=1294"}],"curies":[{"name":"wp","href":"https:\/\/api.w.org\/{rel}","templated":true}]}}