{"id":3858,"date":"2025-12-16T11:22:40","date_gmt":"2025-12-16T11:22:40","guid":{"rendered":"https:\/\/catalzeytin.travelinfo.com.tr\/?page_id=3858"},"modified":"2026-01-04T21:23:39","modified_gmt":"2026-01-04T21:23:39","slug":"caglar-camisi","status":"publish","type":"page","link":"https:\/\/catalzeytin.travelinfo.com.tr\/en\/caglar-camisi\/","title":{"rendered":"\u00c7a\u011flar Camisi"},"content":{"rendered":"<div data-elementor-type=\"wp-page\" data-elementor-id=\"3858\" class=\"elementor elementor-3858\" data-elementor-post-type=\"page\">\n\t\t\t\t\t\t<section class=\"elementor-section elementor-top-section elementor-element elementor-element-5cea51c elementor-section-boxed elementor-section-height-default elementor-section-height-default\" data-id=\"5cea51c\" data-element_type=\"section\">\n\t\t\t\t\t\t<div class=\"elementor-container elementor-column-gap-default\">\n\t\t\t\t\t<div class=\"elementor-column elementor-col-66 elementor-top-column elementor-element elementor-element-7a73f9e\" data-id=\"7a73f9e\" data-element_type=\"column\">\n\t\t\t<div class=\"elementor-widget-wrap elementor-element-populated\">\n\t\t\t\t\t\t<div class=\"elementor-element elementor-element-39b5363 elementor-widget elementor-widget-heading\" data-id=\"39b5363\" data-element_type=\"widget\" data-widget_type=\"heading.default\">\n\t\t\t\t<div class=\"elementor-widget-container\">\n\t\t\t\t\t<h2 class=\"elementor-heading-title elementor-size-default\">Tarihi \u00c7a\u011flar K\u00f6y\u00fc Camisi<\/h2>\t\t\t\t<\/div>\n\t\t\t\t<\/div>\n\t\t\t\t<div class=\"elementor-element elementor-element-b27539e elementor-widget-divider--view-line elementor-widget elementor-widget-divider\" data-id=\"b27539e\" data-element_type=\"widget\" data-widget_type=\"divider.default\">\n\t\t\t\t<div class=\"elementor-widget-container\">\n\t\t\t\t\t\t\t<div class=\"elementor-divider\">\n\t\t\t<span class=\"elementor-divider-separator\">\n\t\t\t\t\t\t<\/span>\n\t\t<\/div>\n\t\t\t\t\t\t<\/div>\n\t\t\t\t<\/div>\n\t\t<div class=\"elementor-element elementor-element-ca451db e-flex e-con-boxed e-con e-parent\" data-id=\"ca451db\" data-element_type=\"container\" data-settings=\"{&quot;background_background&quot;:&quot;classic&quot;}\">\n\t\t\t\t\t<div class=\"e-con-inner\">\n\t\t\t\t<div class=\"elementor-element elementor-element-8c09e1a elementor-widget elementor-widget-image\" data-id=\"8c09e1a\" data-element_type=\"widget\" data-widget_type=\"image.default\">\n\t\t\t\t<div class=\"elementor-widget-container\">\n\t\t\t\t\t\t\t\t\t\t\t\t\t\t\t<img decoding=\"async\" src=\"https:\/\/catalzeytin.travelinfo.com.tr\/wp-content\/uploads\/elementor\/thumbs\/ANIT-AGAC-2-rgb0xuyt33hr4txypwnmxtfir9r7zpehpa9ksn6484.webp\" title=\"ANIT A\u011eA\u00c7-2\" alt=\"ANIT A\u011eA\u00c7-2\" loading=\"lazy\" \/>\t\t\t\t\t\t\t\t\t\t\t\t\t\t\t<\/div>\n\t\t\t\t<\/div>\n\t\t<div class=\"elementor-element elementor-element-238135b e-con-full e-flex e-con e-child\" data-id=\"238135b\" data-element_type=\"container\" data-settings=\"{&quot;background_background&quot;:&quot;classic&quot;}\">\n\t\t<div class=\"elementor-element elementor-element-159b21d e-con-full e-flex e-con e-child\" data-id=\"159b21d\" data-element_type=\"container\" data-settings=\"{&quot;background_background&quot;:&quot;classic&quot;}\">\n\t\t\t\t<div class=\"elementor-element elementor-element-a534c9b elementor-widget elementor-widget-image\" data-id=\"a534c9b\" data-element_type=\"widget\" data-widget_type=\"image.default\">\n\t\t\t\t<div class=\"elementor-widget-container\">\n\t\t\t\t\t\t\t\t\t\t\t\t\t\t\t<img decoding=\"async\" src=\"https:\/\/catalzeytin.travelinfo.com.tr\/wp-content\/uploads\/elementor\/thumbs\/audio-01-01-qzul746gwxhrhffokhqysqph1hbg8ci7cjq2xy7z86.webp\" title=\"audio-01-01\" alt=\"audio-01-01\" loading=\"lazy\" \/>\t\t\t\t\t\t\t\t\t\t\t\t\t\t\t<\/div>\n\t\t\t\t<\/div>\n\t\t\t\t<\/div>\n\t\t<div class=\"elementor-element elementor-element-b6eae9a e-con-full e-flex e-con e-child\" data-id=\"b6eae9a\" data-element_type=\"container\" data-settings=\"{&quot;background_background&quot;:&quot;classic&quot;}\">\n\t\t\t\t<div class=\"elementor-element elementor-element-b111236 elementor-widget elementor-widget-mdp-audier-elementor\" data-id=\"b111236\" data-element_type=\"widget\" data-widget_type=\"mdp-audier-elementor.default\">\n\t\t\t\t<div class=\"elementor-widget-container\">\n\t\t\t\t\t<style>.elementor-element-b111236{display:none !important}<\/style>\t\t\t\t<\/div>\n\t\t\t\t<\/div>\n\t\t\t\t<div class=\"elementor-element elementor-element-cfb0ab1 elementor-widget elementor-widget-mdp-audier-elementor\" data-id=\"cfb0ab1\" data-element_type=\"widget\" data-widget_type=\"mdp-audier-elementor.default\">\n\t\t\t\t<div class=\"elementor-widget-container\">\n\t\t\t\t\t<!-- Start Audier for Elementor WordPress Plugin -->\n                    <div \n                        class=\"mdp-audier-elementor-box mdp-audier-elementor-not-playlist\"\n                        data-controls=\"[&quot;playpause&quot;,&quot;progress&quot;,&quot;duration&quot;]\"\n                        data-player-bool-settings=\"{&quot;enableKeyboard&quot;:&quot;yes&quot;,&quot;hideVolumeOnTouchDevices&quot;:&quot;yes&quot;,&quot;loop&quot;:&quot;no&quot;,&quot;pauseOtherPlayers&quot;:&quot;no&quot;}\"\n                        data-player-settings=\"{&quot;startVolume&quot;:0.8}\"\n                        data-source=\"external\"\n                        data-shuffle-by-default=\"\"\n                    ><\/div>\n                   <!-- End Audier for Elementor WordPress Plugin -->\t\t\t\t<\/div>\n\t\t\t\t<\/div>\n\t\t\t\t<\/div>\n\t\t\t\t<\/div>\n\t\t\t\t\t<\/div>\n\t\t\t\t<\/div>\n\t\t\t\t\t<\/div>\n\t\t<\/div>\n\t\t\t\t<div class=\"elementor-column elementor-col-33 elementor-top-column elementor-element elementor-element-ccd9bc7\" data-id=\"ccd9bc7\" data-element_type=\"column\">\n\t\t\t<div class=\"elementor-widget-wrap elementor-element-populated\">\n\t\t\t\t\t\t<div class=\"elementor-element elementor-element-e71e304 elementor-widget elementor-widget-text-editor\" data-id=\"e71e304\" data-element_type=\"widget\" data-widget_type=\"text-editor.default\">\n\t\t\t\t<div class=\"elementor-widget-container\">\n\t\t\t\t\t\t\t\t\t<p>There is a deep story hidden in every stone of Pinarbasi, bearing the traces of history. One of these unique places is the Sheikh Muslihiddin Mosque in the village of \u00c7amk\u0131\u015fla, formerly known as Erkemle. The mosque takes you to the spiritual atmosphere of the region in the 1700s.<\/p><p>This mosque, which is the meeting and worship point of the Zar\u0131 Divan in today's Pinarbasi district center, defies the centuries with its 75 cm thick stone walls and opens a window for you to look at the past of the region. To the northwest of the mosque is a mausoleum built with the wooden bag technique. The large sarcophagus inside is a silent witness that this place was an important center in its time.<\/p><p>Only two kilometers away from P\u0131narba\u015f\u0131 town center, this historical building is a unique part of the cultural heritage of the region. If you want to follow the traces of the past and experience a moment of history and spirituality, visit Sheikh Muslihiddin Mosque and mausoleum. Feel the serenity and historical depth of this ancient structure. Hints of the past are hidden in the stone and wooden walls. Waiting for you to discover....<\/p>\t\t\t\t\t\t\t\t<\/div>\n\t\t\t\t<\/div>\n\t\t\t\t<div class=\"elementor-element elementor-element-e43fedc elementor-widget elementor-widget-button\" data-id=\"e43fedc\" data-element_type=\"widget\" data-widget_type=\"button.default\">\n\t\t\t\t<div class=\"elementor-widget-container\">\n\t\t\t\t\t\t\t\t\t<div class=\"elementor-button-wrapper\">\n\t\t\t\t\t<a class=\"elementor-button elementor-button-link elementor-size-sm\" href=\"https:\/\/maps.app.goo.gl\/tBtHKGY1HKXsjKzN8\" target=\"_blank\">\n\t\t\t\t\t\t<span class=\"elementor-button-content-wrapper\">\n\t\t\t\t\t\t\t\t\t<span class=\"elementor-button-text\">Konuma Git &gt;&gt;<\/span>\n\t\t\t\t\t<\/span>\n\t\t\t\t\t<\/a>\n\t\t\t\t<\/div>\n\t\t\t\t\t\t\t\t<\/div>\n\t\t\t\t<\/div>\n\t\t<div class=\"elementor-element elementor-element-0b793a1 e-flex e-con-boxed e-con e-parent\" data-id=\"0b793a1\" data-element_type=\"container\">\n\t\t\t\t\t<div class=\"e-con-inner\">\n\t\t\t\t\t<\/div>\n\t\t\t\t<\/div>\n\t\t\t\t\t<\/div>\n\t\t<\/div>\n\t\t\t\t\t<\/div>\n\t\t<\/section>\n\t\t\t\t<\/div>","protected":false},"excerpt":{"rendered":"<p>Tarihi \u00c7a\u011flar K\u00f6y\u00fc Camisi P\u0131narba\u015f\u0131\u2019n\u0131n her ta\u015f\u0131nda tarihin izini ta\u015f\u0131yan, derin bir hikaye sakl\u0131. Bu e\u015fsiz yerlerden biri de, eski ad\u0131yla Erkemle, bug\u00fcnk\u00fc ad\u0131yla \u00c7amk\u0131\u015fla K\u00f6y\u00fc&#8217;nde bulunan \u015eeyh Muslihiddin Camisi. Cami sizi b\u00f6lgenin 1700\u2019l\u00fc y\u0131llardaki manevi atmosferine g\u00f6t\u00fcr\u00fcyor. Bug\u00fcnk\u00fc P\u0131narba\u015f\u0131 il\u00e7e merkezinin yerinde bulunan Zar\u0131 Divan\u0131\u2019n\u0131n bulu\u015fma ve ibadet noktas\u0131 olan bu cami, 75 cm [&hellip;]<\/p>","protected":false},"author":1,"featured_media":4048,"parent":0,"menu_order":0,"comment_status":"closed","ping_status":"closed","template":"","meta":{"_acf_changed":false,"footnotes":""},"categories":[22,21],"tags":[],"class_list":["post-3858","page","type-page","status-publish","has-post-thumbnail","hentry","category-camiler","category-turbeler"],"acf":[],"yoast_head":"<!-- This site is optimized with the Yoast SEO plugin v26.2 - https:\/\/yoast.com\/wordpress\/plugins\/seo\/ -->\n<title>\u00c7a\u011flar Camisi - \u00c7atalzeytin Gezi Rehberi<\/title>\n<meta name=\"robots\" content=\"index, follow, max-snippet:-1, max-image-preview:large, max-video-preview:-1\" \/>\n<link rel=\"canonical\" href=\"https:\/\/catalzeytin.travelinfo.com.tr\/en\/caglar-camisi\/\" \/>\n<meta property=\"og:locale\" content=\"en_US\" \/>\n<meta property=\"og:type\" content=\"article\" \/>\n<meta property=\"og:title\" content=\"\u00c7a\u011flar Camisi - \u00c7atalzeytin Gezi Rehberi\" \/>\n<meta property=\"og:description\" content=\"Tarihi \u00c7a\u011flar K\u00f6y\u00fc Camisi P\u0131narba\u015f\u0131\u2019n\u0131n her ta\u015f\u0131nda tarihin izini ta\u015f\u0131yan, derin bir hikaye sakl\u0131. Bu e\u015fsiz yerlerden biri de, eski ad\u0131yla Erkemle, bug\u00fcnk\u00fc ad\u0131yla \u00c7amk\u0131\u015fla K\u00f6y\u00fc&#8217;nde bulunan \u015eeyh Muslihiddin Camisi. Cami sizi b\u00f6lgenin 1700\u2019l\u00fc y\u0131llardaki manevi atmosferine g\u00f6t\u00fcr\u00fcyor. Bug\u00fcnk\u00fc P\u0131narba\u015f\u0131 il\u00e7e merkezinin yerinde bulunan Zar\u0131 Divan\u0131\u2019n\u0131n bulu\u015fma ve ibadet noktas\u0131 olan bu cami, 75 cm [&hellip;]\" \/>\n<meta property=\"og:url\" content=\"https:\/\/catalzeytin.travelinfo.com.tr\/en\/caglar-camisi\/\" \/>\n<meta property=\"og:site_name\" content=\"\u00c7atalzeytin Gezi Rehberi\" \/>\n<meta property=\"article:modified_time\" content=\"2026-01-04T21:23:39+00:00\" \/>\n<meta property=\"og:image\" content=\"https:\/\/catalzeytin.travelinfo.com.tr\/wp-content\/uploads\/2025\/12\/ANIT-AGAC-2.webp\" \/>\n\t<meta property=\"og:image:width\" content=\"821\" \/>\n\t<meta property=\"og:image:height\" content=\"960\" \/>\n\t<meta property=\"og:image:type\" content=\"image\/webp\" \/>\n<meta name=\"twitter:card\" content=\"summary_large_image\" \/>\n<meta name=\"twitter:label1\" content=\"Est. reading time\" \/>\n\t<meta name=\"twitter:data1\" content=\"2 minutes\" \/>\n<script type=\"application\/ld+json\" class=\"yoast-schema-graph\">{\"@context\":\"https:\/\/schema.org\",\"@graph\":[{\"@type\":\"WebPage\",\"@id\":\"https:\/\/catalzeytin.travelinfo.com.tr\/caglar-camisi\/\",\"url\":\"https:\/\/catalzeytin.travelinfo.com.tr\/caglar-camisi\/\",\"name\":\"\u00c7a\u011flar Camisi - \u00c7atalzeytin Gezi Rehberi\",\"isPartOf\":{\"@id\":\"https:\/\/catalzeytin.travelinfo.com.tr\/#website\"},\"primaryImageOfPage\":{\"@id\":\"https:\/\/catalzeytin.travelinfo.com.tr\/caglar-camisi\/#primaryimage\"},\"image\":{\"@id\":\"https:\/\/catalzeytin.travelinfo.com.tr\/caglar-camisi\/#primaryimage\"},\"thumbnailUrl\":\"https:\/\/catalzeytin.travelinfo.com.tr\/wp-content\/uploads\/2025\/12\/ANIT-AGAC-2.webp\",\"datePublished\":\"2025-12-16T11:22:40+00:00\",\"dateModified\":\"2026-01-04T21:23:39+00:00\",\"breadcrumb\":{\"@id\":\"https:\/\/catalzeytin.travelinfo.com.tr\/caglar-camisi\/#breadcrumb\"},\"inLanguage\":\"en-US\",\"potentialAction\":[{\"@type\":\"ReadAction\",\"target\":[\"https:\/\/catalzeytin.travelinfo.com.tr\/caglar-camisi\/\"]}]},{\"@type\":\"ImageObject\",\"inLanguage\":\"en-US\",\"@id\":\"https:\/\/catalzeytin.travelinfo.com.tr\/caglar-camisi\/#primaryimage\",\"url\":\"https:\/\/catalzeytin.travelinfo.com.tr\/wp-content\/uploads\/2025\/12\/ANIT-AGAC-2.webp\",\"contentUrl\":\"https:\/\/catalzeytin.travelinfo.com.tr\/wp-content\/uploads\/2025\/12\/ANIT-AGAC-2.webp\",\"width\":821,\"height\":960},{\"@type\":\"BreadcrumbList\",\"@id\":\"https:\/\/catalzeytin.travelinfo.com.tr\/caglar-camisi\/#breadcrumb\",\"itemListElement\":[{\"@type\":\"ListItem\",\"position\":1,\"name\":\"Anasayfa\",\"item\":\"https:\/\/catalzeytin.travelinfo.com.tr\/\"},{\"@type\":\"ListItem\",\"position\":2,\"name\":\"\u00c7a\u011flar Camisi\"}]},{\"@type\":\"WebSite\",\"@id\":\"https:\/\/catalzeytin.travelinfo.com.tr\/#website\",\"url\":\"https:\/\/catalzeytin.travelinfo.com.tr\/\",\"name\":\"P\u0131narba\u015f\u0131 Gezi Rehberi\",\"description\":\"\u015eimdi \u00c7atalzeytini gezmek \u00e7ok kolay\",\"publisher\":{\"@id\":\"https:\/\/catalzeytin.travelinfo.com.tr\/#organization\"},\"alternateName\":\"P\u0131narba\u015f\u0131 Gezi Rehberi\",\"potentialAction\":[{\"@type\":\"SearchAction\",\"target\":{\"@type\":\"EntryPoint\",\"urlTemplate\":\"https:\/\/catalzeytin.travelinfo.com.tr\/?s={search_term_string}\"},\"query-input\":{\"@type\":\"PropertyValueSpecification\",\"valueRequired\":true,\"valueName\":\"search_term_string\"}}],\"inLanguage\":\"en-US\"},{\"@type\":\"Organization\",\"@id\":\"https:\/\/catalzeytin.travelinfo.com.tr\/#organization\",\"name\":\"P\u0131narba\u015f\u0131 Belediyesi\",\"alternateName\":\"P\u0131narba\u015f\u0131 Belediyesi\",\"url\":\"https:\/\/catalzeytin.travelinfo.com.tr\/\",\"logo\":{\"@type\":\"ImageObject\",\"inLanguage\":\"en-US\",\"@id\":\"https:\/\/catalzeytin.travelinfo.com.tr\/#\/schema\/logo\/image\/\",\"url\":\"https:\/\/catalzeytin.travelinfo.com.tr\/wp-content\/uploads\/2025\/01\/LOGOWEB.webp\",\"contentUrl\":\"https:\/\/catalzeytin.travelinfo.com.tr\/wp-content\/uploads\/2025\/01\/LOGOWEB.webp\",\"width\":1000,\"height\":305,\"caption\":\"P\u0131narba\u015f\u0131 Belediyesi\"},\"image\":{\"@id\":\"https:\/\/catalzeytin.travelinfo.com.tr\/#\/schema\/logo\/image\/\"}}]}<\/script>\n<!-- \/ Yoast SEO plugin. -->","yoast_head_json":{"title":"\u00c7a\u011flar Camisi - \u00c7atalzeytin Gezi Rehberi","robots":{"index":"index","follow":"follow","max-snippet":"max-snippet:-1","max-image-preview":"max-image-preview:large","max-video-preview":"max-video-preview:-1"},"canonical":"https:\/\/catalzeytin.travelinfo.com.tr\/en\/caglar-camisi\/","og_locale":"en_US","og_type":"article","og_title":"\u00c7a\u011flar Camisi - \u00c7atalzeytin Gezi Rehberi","og_description":"Tarihi \u00c7a\u011flar K\u00f6y\u00fc Camisi P\u0131narba\u015f\u0131\u2019n\u0131n her ta\u015f\u0131nda tarihin izini ta\u015f\u0131yan, derin bir hikaye sakl\u0131. Bu e\u015fsiz yerlerden biri de, eski ad\u0131yla Erkemle, bug\u00fcnk\u00fc ad\u0131yla \u00c7amk\u0131\u015fla K\u00f6y\u00fc&#8217;nde bulunan \u015eeyh Muslihiddin Camisi. Cami sizi b\u00f6lgenin 1700\u2019l\u00fc y\u0131llardaki manevi atmosferine g\u00f6t\u00fcr\u00fcyor. Bug\u00fcnk\u00fc P\u0131narba\u015f\u0131 il\u00e7e merkezinin yerinde bulunan Zar\u0131 Divan\u0131\u2019n\u0131n bulu\u015fma ve ibadet noktas\u0131 olan bu cami, 75 cm [&hellip;]","og_url":"https:\/\/catalzeytin.travelinfo.com.tr\/en\/caglar-camisi\/","og_site_name":"\u00c7atalzeytin Gezi Rehberi","article_modified_time":"2026-01-04T21:23:39+00:00","og_image":[{"width":821,"height":960,"url":"https:\/\/catalzeytin.travelinfo.com.tr\/wp-content\/uploads\/2025\/12\/ANIT-AGAC-2.webp","type":"image\/webp"}],"twitter_card":"summary_large_image","twitter_misc":{"Est. reading time":"2 minutes"},"schema":{"@context":"https:\/\/schema.org","@graph":[{"@type":"WebPage","@id":"https:\/\/catalzeytin.travelinfo.com.tr\/caglar-camisi\/","url":"https:\/\/catalzeytin.travelinfo.com.tr\/caglar-camisi\/","name":"\u00c7a\u011flar Camisi - \u00c7atalzeytin Gezi Rehberi","isPartOf":{"@id":"https:\/\/catalzeytin.travelinfo.com.tr\/#website"},"primaryImageOfPage":{"@id":"https:\/\/catalzeytin.travelinfo.com.tr\/caglar-camisi\/#primaryimage"},"image":{"@id":"https:\/\/catalzeytin.travelinfo.com.tr\/caglar-camisi\/#primaryimage"},"thumbnailUrl":"https:\/\/catalzeytin.travelinfo.com.tr\/wp-content\/uploads\/2025\/12\/ANIT-AGAC-2.webp","datePublished":"2025-12-16T11:22:40+00:00","dateModified":"2026-01-04T21:23:39+00:00","breadcrumb":{"@id":"https:\/\/catalzeytin.travelinfo.com.tr\/caglar-camisi\/#breadcrumb"},"inLanguage":"en-US","potentialAction":[{"@type":"ReadAction","target":["https:\/\/catalzeytin.travelinfo.com.tr\/caglar-camisi\/"]}]},{"@type":"ImageObject","inLanguage":"en-US","@id":"https:\/\/catalzeytin.travelinfo.com.tr\/caglar-camisi\/#primaryimage","url":"https:\/\/catalzeytin.travelinfo.com.tr\/wp-content\/uploads\/2025\/12\/ANIT-AGAC-2.webp","contentUrl":"https:\/\/catalzeytin.travelinfo.com.tr\/wp-content\/uploads\/2025\/12\/ANIT-AGAC-2.webp","width":821,"height":960},{"@type":"BreadcrumbList","@id":"https:\/\/catalzeytin.travelinfo.com.tr\/caglar-camisi\/#breadcrumb","itemListElement":[{"@type":"ListItem","position":1,"name":"Anasayfa","item":"https:\/\/catalzeytin.travelinfo.com.tr\/"},{"@type":"ListItem","position":2,"name":"\u00c7a\u011flar Camisi"}]},{"@type":"WebSite","@id":"https:\/\/catalzeytin.travelinfo.com.tr\/#website","url":"https:\/\/catalzeytin.travelinfo.com.tr\/","name":"P\u0131narba\u015f\u0131 Gezi Rehberi","description":"\u015eimdi \u00c7atalzeytini gezmek \u00e7ok kolay","publisher":{"@id":"https:\/\/catalzeytin.travelinfo.com.tr\/#organization"},"alternateName":"P\u0131narba\u015f\u0131 Gezi Rehberi","potentialAction":[{"@type":"SearchAction","target":{"@type":"EntryPoint","urlTemplate":"https:\/\/catalzeytin.travelinfo.com.tr\/?s={search_term_string}"},"query-input":{"@type":"PropertyValueSpecification","valueRequired":true,"valueName":"search_term_string"}}],"inLanguage":"en-US"},{"@type":"Organization","@id":"https:\/\/catalzeytin.travelinfo.com.tr\/#organization","name":"P\u0131narba\u015f\u0131 Belediyesi","alternateName":"P\u0131narba\u015f\u0131 Belediyesi","url":"https:\/\/catalzeytin.travelinfo.com.tr\/","logo":{"@type":"ImageObject","inLanguage":"en-US","@id":"https:\/\/catalzeytin.travelinfo.com.tr\/#\/schema\/logo\/image\/","url":"https:\/\/catalzeytin.travelinfo.com.tr\/wp-content\/uploads\/2025\/01\/LOGOWEB.webp","contentUrl":"https:\/\/catalzeytin.travelinfo.com.tr\/wp-content\/uploads\/2025\/01\/LOGOWEB.webp","width":1000,"height":305,"caption":"P\u0131narba\u015f\u0131 Belediyesi"},"image":{"@id":"https:\/\/catalzeytin.travelinfo.com.tr\/#\/schema\/logo\/image\/"}}]}},"_links":{"self":[{"href":"https:\/\/catalzeytin.travelinfo.com.tr\/en\/wp-json\/wp\/v2\/pages\/3858","targetHints":{"allow":["GET"]}}],"collection":[{"href":"https:\/\/catalzeytin.travelinfo.com.tr\/en\/wp-json\/wp\/v2\/pages"}],"about":[{"href":"https:\/\/catalzeytin.travelinfo.com.tr\/en\/wp-json\/wp\/v2\/types\/page"}],"author":[{"embeddable":true,"href":"https:\/\/catalzeytin.travelinfo.com.tr\/en\/wp-json\/wp\/v2\/users\/1"}],"replies":[{"embeddable":true,"href":"https:\/\/catalzeytin.travelinfo.com.tr\/en\/wp-json\/wp\/v2\/comments?post=3858"}],"version-history":[{"count":14,"href":"https:\/\/catalzeytin.travelinfo.com.tr\/en\/wp-json\/wp\/v2\/pages\/3858\/revisions"}],"predecessor-version":[{"id":4665,"href":"https:\/\/catalzeytin.travelinfo.com.tr\/en\/wp-json\/wp\/v2\/pages\/3858\/revisions\/4665"}],"wp:featuredmedia":[{"embeddable":true,"href":"https:\/\/catalzeytin.travelinfo.com.tr\/en\/wp-json\/wp\/v2\/media\/4048"}],"wp:attachment":[{"href":"https:\/\/catalzeytin.travelinfo.com.tr\/en\/wp-json\/wp\/v2\/media?parent=3858"}],"wp:term":[{"taxonomy":"category","embeddable":true,"href":"https:\/\/catalzeytin.travelinfo.com.tr\/en\/wp-json\/wp\/v2\/categories?post=3858"},{"taxonomy":"post_tag","embeddable":true,"href":"https:\/\/catalzeytin.travelinfo.com.tr\/en\/wp-json\/wp\/v2\/tags?post=3858"}],"curies":[{"name":"wp","href":"https:\/\/api.w.org\/{rel}","templated":true}]}}