{"id":528,"date":"2025-01-12T12:57:50","date_gmt":"2025-01-12T12:57:50","guid":{"rendered":"https:\/\/catalzeytin.travelinfo.com.tr\/?page_id=528"},"modified":"2026-01-04T21:26:08","modified_gmt":"2026-01-04T21:26:08","slug":"pencereli-magara","status":"publish","type":"page","link":"https:\/\/catalzeytin.travelinfo.com.tr\/en\/pencereli-magara\/","title":{"rendered":"Pencereli Ma\u011fara"},"content":{"rendered":"<div data-elementor-type=\"wp-page\" data-elementor-id=\"528\" class=\"elementor elementor-528\" data-elementor-post-type=\"page\">\n\t\t\t\t\t\t<section class=\"elementor-section elementor-top-section elementor-element elementor-element-5cea51c elementor-section-boxed elementor-section-height-default elementor-section-height-default\" data-id=\"5cea51c\" data-element_type=\"section\">\n\t\t\t\t\t\t<div class=\"elementor-container elementor-column-gap-default\">\n\t\t\t\t\t<div class=\"elementor-column elementor-col-66 elementor-top-column elementor-element elementor-element-7a73f9e\" data-id=\"7a73f9e\" data-element_type=\"column\">\n\t\t\t<div class=\"elementor-widget-wrap elementor-element-populated\">\n\t\t\t\t\t\t<div class=\"elementor-element elementor-element-39b5363 elementor-widget elementor-widget-heading\" data-id=\"39b5363\" data-element_type=\"widget\" data-widget_type=\"heading.default\">\n\t\t\t\t<div class=\"elementor-widget-container\">\n\t\t\t\t\t<h2 class=\"elementor-heading-title elementor-size-default\">Pencereli Ma\u011fara<\/h2>\t\t\t\t<\/div>\n\t\t\t\t<\/div>\n\t\t\t\t<div class=\"elementor-element elementor-element-b27539e elementor-widget-divider--view-line elementor-widget elementor-widget-divider\" data-id=\"b27539e\" data-element_type=\"widget\" data-widget_type=\"divider.default\">\n\t\t\t\t<div class=\"elementor-widget-container\">\n\t\t\t\t\t\t\t<div class=\"elementor-divider\">\n\t\t\t<span class=\"elementor-divider-separator\">\n\t\t\t\t\t\t<\/span>\n\t\t<\/div>\n\t\t\t\t\t\t<\/div>\n\t\t\t\t<\/div>\n\t\t<div class=\"elementor-element elementor-element-ca451db e-flex e-con-boxed e-con e-parent\" data-id=\"ca451db\" data-element_type=\"container\" data-settings=\"{&quot;background_background&quot;:&quot;classic&quot;}\">\n\t\t\t\t\t<div class=\"e-con-inner\">\n\t\t\t\t<div class=\"elementor-element elementor-element-8c09e1a elementor-widget elementor-widget-image\" data-id=\"8c09e1a\" data-element_type=\"widget\" data-widget_type=\"image.default\">\n\t\t\t\t<div class=\"elementor-widget-container\">\n\t\t\t\t\t\t\t\t\t\t\t\t\t\t\t<img decoding=\"async\" src=\"https:\/\/catalzeytin.travelinfo.com.tr\/wp-content\/uploads\/elementor\/thumbs\/KORU-YAYLASI-PENCERE23-copy-2-rgsav7s2xsu0985kltuwlxw923gxytldab3a8y8yck.webp\" title=\"KORU YAYLASI PENCERE23 copy 2\" alt=\"KORU YAYLASI PENCERE23 copy 2\" loading=\"lazy\" \/>\t\t\t\t\t\t\t\t\t\t\t\t\t\t\t<\/div>\n\t\t\t\t<\/div>\n\t\t<div class=\"elementor-element elementor-element-238135b e-con-full e-flex e-con e-child\" data-id=\"238135b\" data-element_type=\"container\" data-settings=\"{&quot;background_background&quot;:&quot;classic&quot;}\">\n\t\t<div class=\"elementor-element elementor-element-159b21d e-con-full e-flex e-con e-child\" data-id=\"159b21d\" data-element_type=\"container\" data-settings=\"{&quot;background_background&quot;:&quot;classic&quot;}\">\n\t\t\t\t<div class=\"elementor-element elementor-element-a534c9b elementor-widget elementor-widget-image\" data-id=\"a534c9b\" data-element_type=\"widget\" data-widget_type=\"image.default\">\n\t\t\t\t<div class=\"elementor-widget-container\">\n\t\t\t\t\t\t\t\t\t\t\t\t\t\t\t<img decoding=\"async\" src=\"https:\/\/catalzeytin.travelinfo.com.tr\/wp-content\/uploads\/elementor\/thumbs\/audio-01-01-qzul746gwxhrhffokhqysqph1hbg8ci7cjq2xy7z86.webp\" title=\"audio-01-01\" alt=\"audio-01-01\" loading=\"lazy\" \/>\t\t\t\t\t\t\t\t\t\t\t\t\t\t\t<\/div>\n\t\t\t\t<\/div>\n\t\t\t\t<\/div>\n\t\t<div class=\"elementor-element elementor-element-b6eae9a e-con-full e-flex e-con e-child\" data-id=\"b6eae9a\" data-element_type=\"container\" data-settings=\"{&quot;background_background&quot;:&quot;classic&quot;}\">\n\t\t\t\t<div class=\"elementor-element elementor-element-b111236 elementor-widget elementor-widget-mdp-audier-elementor\" data-id=\"b111236\" data-element_type=\"widget\" data-widget_type=\"mdp-audier-elementor.default\">\n\t\t\t\t<div class=\"elementor-widget-container\">\n\t\t\t\t\t<style>.elementor-element-b111236{display:none !important}<\/style>\t\t\t\t<\/div>\n\t\t\t\t<\/div>\n\t\t\t\t<div class=\"elementor-element elementor-element-0e0ff6b elementor-widget elementor-widget-mdp-audier-elementor\" data-id=\"0e0ff6b\" data-element_type=\"widget\" data-widget_type=\"mdp-audier-elementor.default\">\n\t\t\t\t<div class=\"elementor-widget-container\">\n\t\t\t\t\t<!-- Start Audier for Elementor WordPress Plugin -->\n                    <div \n                        class=\"mdp-audier-elementor-box mdp-audier-elementor-not-playlist\"\n                        data-controls=\"[&quot;playpause&quot;,&quot;progress&quot;,&quot;duration&quot;]\"\n                        data-player-bool-settings=\"{&quot;enableKeyboard&quot;:&quot;yes&quot;,&quot;hideVolumeOnTouchDevices&quot;:&quot;yes&quot;,&quot;loop&quot;:&quot;no&quot;,&quot;pauseOtherPlayers&quot;:&quot;no&quot;}\"\n                        data-player-settings=\"{&quot;startVolume&quot;:0.8}\"\n                        data-source=\"external\"\n                        data-shuffle-by-default=\"\"\n                    ><div class=\"mdp-audier-elementor-audio-wrapper\">\n                        <audio  width=\"100%\" >\n                            <source src=\"https:\/\/travelinfo.com.tr\/sesler\/atak-magarasi_en.mp3\" type=\"audio\/mp3\">\n                        <\/audio>\n                    <\/div><\/div>\n                   <!-- End Audier for Elementor WordPress Plugin -->\t\t\t\t<\/div>\n\t\t\t\t<\/div>\n\t\t\t\t<\/div>\n\t\t\t\t<\/div>\n\t\t<div class=\"elementor-element elementor-element-0583186 e-con-full e-flex e-con e-child\" data-id=\"0583186\" data-element_type=\"container\" data-settings=\"{&quot;background_background&quot;:&quot;classic&quot;}\">\n\t\t\t\t<\/div>\n\t\t\t\t\t<\/div>\n\t\t\t\t<\/div>\n\t\t\t\t\t<\/div>\n\t\t<\/div>\n\t\t\t\t<div class=\"elementor-column elementor-col-33 elementor-top-column elementor-element elementor-element-ccd9bc7\" data-id=\"ccd9bc7\" data-element_type=\"column\">\n\t\t\t<div class=\"elementor-widget-wrap elementor-element-populated\">\n\t\t\t\t\t\t<div class=\"elementor-element elementor-element-e71e304 elementor-widget elementor-widget-text-editor\" data-id=\"e71e304\" data-element_type=\"widget\" data-widget_type=\"text-editor.default\">\n\t\t\t\t<div class=\"elementor-widget-container\">\n\t\t\t\t\t\t\t\t\t<p>Koru Yaylas\u0131\u2019n\u0131n vah\u015fi g\u00fczelli\u011fi i\u00e7inde, \u00c7al Tepesi\u2019nde, Canavar Ma\u011faras\u0131\u2019n\u0131n hemen \u00fczerinde bulunan bu gizemli ma\u011fara, cesur ka\u015fiflerin g\u00f6rebilece\u011fi e\u015fsiz bir do\u011fa harikas\u0131d\u0131r. Y\u00fczeyden dar ve dik bir giri\u015ften girilerek ba\u015flayan macera, 25-30 metrelik heyecan dolu bir ilerleyi\u015fin ard\u0131ndan sizi nefes kesici bir finale ula\u015ft\u0131r\u0131r. Derin bir u\u00e7urumla vadiye a\u00e7\u0131lan devasa, do\u011fal bir pencere. Ma\u011faran\u0131n karanl\u0131\u011f\u0131ndan s\u0131yr\u0131l\u0131p bu pencereden sonsuzlu\u011fa bakmak, b\u00f6lgedeki kamp ve ke\u015fif deneyiminizi ta\u00e7land\u0131racak unutulmaz bir an\u0131d\u0131r. Ancak bu b\u00fcy\u00fcleyici manzaran\u0131n sarp ve riskli konumu nedeniyle, g\u00fcvenli\u011finiz i\u00e7in mutlaka bir rehber e\u015fli\u011finde hareket etmenizi tavsiye ederiz.<\/p>\t\t\t\t\t\t\t\t<\/div>\n\t\t\t\t<\/div>\n\t\t\t\t<div class=\"elementor-element elementor-element-0b3e910 elementor-widget elementor-widget-button\" data-id=\"0b3e910\" data-element_type=\"widget\" data-widget_type=\"button.default\">\n\t\t\t\t<div class=\"elementor-widget-container\">\n\t\t\t\t\t\t\t\t\t<div class=\"elementor-button-wrapper\">\n\t\t\t\t\t<a class=\"elementor-button elementor-button-link elementor-size-sm\" href=\"https:\/\/maps.app.goo.gl\/fsLxehpVnKrhJ5fR8\" target=\"_blank\">\n\t\t\t\t\t\t<span class=\"elementor-button-content-wrapper\">\n\t\t\t\t\t\t\t\t\t<span class=\"elementor-button-text\">Konuma Git &gt;&gt;<\/span>\n\t\t\t\t\t<\/span>\n\t\t\t\t\t<\/a>\n\t\t\t\t<\/div>\n\t\t\t\t\t\t\t\t<\/div>\n\t\t\t\t<\/div>\n\t\t\t\t\t<\/div>\n\t\t<\/div>\n\t\t\t\t\t<\/div>\n\t\t<\/section>\n\t\t\t\t<\/div>","protected":false},"excerpt":{"rendered":"<p>Pencereli Ma\u011fara Koru Yaylas\u0131\u2019n\u0131n vah\u015fi g\u00fczelli\u011fi i\u00e7inde, \u00c7al Tepesi\u2019nde, Canavar Ma\u011faras\u0131\u2019n\u0131n hemen \u00fczerinde bulunan bu gizemli ma\u011fara, cesur ka\u015fiflerin g\u00f6rebilece\u011fi e\u015fsiz bir do\u011fa harikas\u0131d\u0131r. Y\u00fczeyden dar ve dik bir giri\u015ften girilerek ba\u015flayan macera, 25-30 metrelik heyecan dolu bir ilerleyi\u015fin ard\u0131ndan sizi nefes kesici bir finale ula\u015ft\u0131r\u0131r. Derin bir u\u00e7urumla vadiye a\u00e7\u0131lan devasa, do\u011fal bir pencere. [&hellip;]<\/p>","protected":false},"author":1,"featured_media":4611,"parent":0,"menu_order":0,"comment_status":"closed","ping_status":"closed","template":"","meta":{"_acf_changed":false,"footnotes":""},"categories":[13],"tags":[],"class_list":["post-528","page","type-page","status-publish","has-post-thumbnail","hentry","category-magaralar"],"acf":[],"yoast_head":"<!-- This site is optimized with the Yoast SEO plugin v26.2 - https:\/\/yoast.com\/wordpress\/plugins\/seo\/ -->\n<title>Pencereli Ma\u011fara - \u00c7atalzeytin Gezi Rehberi<\/title>\n<meta name=\"robots\" content=\"index, follow, max-snippet:-1, max-image-preview:large, max-video-preview:-1\" \/>\n<link rel=\"canonical\" href=\"https:\/\/catalzeytin.travelinfo.com.tr\/en\/pencereli-magara\/\" \/>\n<meta property=\"og:locale\" content=\"en_US\" \/>\n<meta property=\"og:type\" content=\"article\" \/>\n<meta property=\"og:title\" content=\"Pencereli Ma\u011fara - \u00c7atalzeytin Gezi Rehberi\" \/>\n<meta property=\"og:description\" content=\"Pencereli Ma\u011fara Koru Yaylas\u0131\u2019n\u0131n vah\u015fi g\u00fczelli\u011fi i\u00e7inde, \u00c7al Tepesi\u2019nde, Canavar Ma\u011faras\u0131\u2019n\u0131n hemen \u00fczerinde bulunan bu gizemli ma\u011fara, cesur ka\u015fiflerin g\u00f6rebilece\u011fi e\u015fsiz bir do\u011fa harikas\u0131d\u0131r. Y\u00fczeyden dar ve dik bir giri\u015ften girilerek ba\u015flayan macera, 25-30 metrelik heyecan dolu bir ilerleyi\u015fin ard\u0131ndan sizi nefes kesici bir finale ula\u015ft\u0131r\u0131r. Derin bir u\u00e7urumla vadiye a\u00e7\u0131lan devasa, do\u011fal bir pencere. [&hellip;]\" \/>\n<meta property=\"og:url\" content=\"https:\/\/catalzeytin.travelinfo.com.tr\/en\/pencereli-magara\/\" \/>\n<meta property=\"og:site_name\" content=\"\u00c7atalzeytin Gezi Rehberi\" \/>\n<meta property=\"article:modified_time\" content=\"2026-01-04T21:26:08+00:00\" \/>\n<meta property=\"og:image\" content=\"https:\/\/catalzeytin.travelinfo.com.tr\/wp-content\/uploads\/2025\/12\/KORU-YAYLASI-PENCERE23-copy-2.webp\" \/>\n\t<meta property=\"og:image:width\" content=\"900\" \/>\n\t<meta property=\"og:image:height\" content=\"1327\" \/>\n\t<meta property=\"og:image:type\" content=\"image\/webp\" \/>\n<meta name=\"twitter:card\" content=\"summary_large_image\" \/>\n<meta name=\"twitter:label1\" content=\"Est. reading time\" \/>\n\t<meta name=\"twitter:data1\" content=\"2 minutes\" \/>\n<script type=\"application\/ld+json\" class=\"yoast-schema-graph\">{\"@context\":\"https:\/\/schema.org\",\"@graph\":[{\"@type\":\"WebPage\",\"@id\":\"https:\/\/catalzeytin.travelinfo.com.tr\/pencereli-magara\/\",\"url\":\"https:\/\/catalzeytin.travelinfo.com.tr\/pencereli-magara\/\",\"name\":\"Pencereli Ma\u011fara - \u00c7atalzeytin Gezi Rehberi\",\"isPartOf\":{\"@id\":\"https:\/\/catalzeytin.travelinfo.com.tr\/#website\"},\"primaryImageOfPage\":{\"@id\":\"https:\/\/catalzeytin.travelinfo.com.tr\/pencereli-magara\/#primaryimage\"},\"image\":{\"@id\":\"https:\/\/catalzeytin.travelinfo.com.tr\/pencereli-magara\/#primaryimage\"},\"thumbnailUrl\":\"https:\/\/catalzeytin.travelinfo.com.tr\/wp-content\/uploads\/2025\/12\/KORU-YAYLASI-PENCERE23-copy-2.webp\",\"datePublished\":\"2025-01-12T12:57:50+00:00\",\"dateModified\":\"2026-01-04T21:26:08+00:00\",\"breadcrumb\":{\"@id\":\"https:\/\/catalzeytin.travelinfo.com.tr\/pencereli-magara\/#breadcrumb\"},\"inLanguage\":\"en-US\",\"potentialAction\":[{\"@type\":\"ReadAction\",\"target\":[\"https:\/\/catalzeytin.travelinfo.com.tr\/pencereli-magara\/\"]}]},{\"@type\":\"ImageObject\",\"inLanguage\":\"en-US\",\"@id\":\"https:\/\/catalzeytin.travelinfo.com.tr\/pencereli-magara\/#primaryimage\",\"url\":\"https:\/\/catalzeytin.travelinfo.com.tr\/wp-content\/uploads\/2025\/12\/KORU-YAYLASI-PENCERE23-copy-2.webp\",\"contentUrl\":\"https:\/\/catalzeytin.travelinfo.com.tr\/wp-content\/uploads\/2025\/12\/KORU-YAYLASI-PENCERE23-copy-2.webp\",\"width\":900,\"height\":1327},{\"@type\":\"BreadcrumbList\",\"@id\":\"https:\/\/catalzeytin.travelinfo.com.tr\/pencereli-magara\/#breadcrumb\",\"itemListElement\":[{\"@type\":\"ListItem\",\"position\":1,\"name\":\"Anasayfa\",\"item\":\"https:\/\/catalzeytin.travelinfo.com.tr\/\"},{\"@type\":\"ListItem\",\"position\":2,\"name\":\"Pencereli Ma\u011fara\"}]},{\"@type\":\"WebSite\",\"@id\":\"https:\/\/catalzeytin.travelinfo.com.tr\/#website\",\"url\":\"https:\/\/catalzeytin.travelinfo.com.tr\/\",\"name\":\"P\u0131narba\u015f\u0131 Gezi Rehberi\",\"description\":\"\u015eimdi \u00c7atalzeytini gezmek \u00e7ok kolay\",\"publisher\":{\"@id\":\"https:\/\/catalzeytin.travelinfo.com.tr\/#organization\"},\"alternateName\":\"P\u0131narba\u015f\u0131 Gezi Rehberi\",\"potentialAction\":[{\"@type\":\"SearchAction\",\"target\":{\"@type\":\"EntryPoint\",\"urlTemplate\":\"https:\/\/catalzeytin.travelinfo.com.tr\/?s={search_term_string}\"},\"query-input\":{\"@type\":\"PropertyValueSpecification\",\"valueRequired\":true,\"valueName\":\"search_term_string\"}}],\"inLanguage\":\"en-US\"},{\"@type\":\"Organization\",\"@id\":\"https:\/\/catalzeytin.travelinfo.com.tr\/#organization\",\"name\":\"P\u0131narba\u015f\u0131 Belediyesi\",\"alternateName\":\"P\u0131narba\u015f\u0131 Belediyesi\",\"url\":\"https:\/\/catalzeytin.travelinfo.com.tr\/\",\"logo\":{\"@type\":\"ImageObject\",\"inLanguage\":\"en-US\",\"@id\":\"https:\/\/catalzeytin.travelinfo.com.tr\/#\/schema\/logo\/image\/\",\"url\":\"https:\/\/catalzeytin.travelinfo.com.tr\/wp-content\/uploads\/2025\/01\/LOGOWEB.webp\",\"contentUrl\":\"https:\/\/catalzeytin.travelinfo.com.tr\/wp-content\/uploads\/2025\/01\/LOGOWEB.webp\",\"width\":1000,\"height\":305,\"caption\":\"P\u0131narba\u015f\u0131 Belediyesi\"},\"image\":{\"@id\":\"https:\/\/catalzeytin.travelinfo.com.tr\/#\/schema\/logo\/image\/\"}}]}<\/script>\n<!-- \/ Yoast SEO plugin. -->","yoast_head_json":{"title":"Pencereli Ma\u011fara - \u00c7atalzeytin Gezi Rehberi","robots":{"index":"index","follow":"follow","max-snippet":"max-snippet:-1","max-image-preview":"max-image-preview:large","max-video-preview":"max-video-preview:-1"},"canonical":"https:\/\/catalzeytin.travelinfo.com.tr\/en\/pencereli-magara\/","og_locale":"en_US","og_type":"article","og_title":"Pencereli Ma\u011fara - \u00c7atalzeytin Gezi Rehberi","og_description":"Pencereli Ma\u011fara Koru Yaylas\u0131\u2019n\u0131n vah\u015fi g\u00fczelli\u011fi i\u00e7inde, \u00c7al Tepesi\u2019nde, Canavar Ma\u011faras\u0131\u2019n\u0131n hemen \u00fczerinde bulunan bu gizemli ma\u011fara, cesur ka\u015fiflerin g\u00f6rebilece\u011fi e\u015fsiz bir do\u011fa harikas\u0131d\u0131r. Y\u00fczeyden dar ve dik bir giri\u015ften girilerek ba\u015flayan macera, 25-30 metrelik heyecan dolu bir ilerleyi\u015fin ard\u0131ndan sizi nefes kesici bir finale ula\u015ft\u0131r\u0131r. Derin bir u\u00e7urumla vadiye a\u00e7\u0131lan devasa, do\u011fal bir pencere. [&hellip;]","og_url":"https:\/\/catalzeytin.travelinfo.com.tr\/en\/pencereli-magara\/","og_site_name":"\u00c7atalzeytin Gezi Rehberi","article_modified_time":"2026-01-04T21:26:08+00:00","og_image":[{"width":900,"height":1327,"url":"https:\/\/catalzeytin.travelinfo.com.tr\/wp-content\/uploads\/2025\/12\/KORU-YAYLASI-PENCERE23-copy-2.webp","type":"image\/webp"}],"twitter_card":"summary_large_image","twitter_misc":{"Est. reading time":"2 minutes"},"schema":{"@context":"https:\/\/schema.org","@graph":[{"@type":"WebPage","@id":"https:\/\/catalzeytin.travelinfo.com.tr\/pencereli-magara\/","url":"https:\/\/catalzeytin.travelinfo.com.tr\/pencereli-magara\/","name":"Pencereli Ma\u011fara - \u00c7atalzeytin Gezi Rehberi","isPartOf":{"@id":"https:\/\/catalzeytin.travelinfo.com.tr\/#website"},"primaryImageOfPage":{"@id":"https:\/\/catalzeytin.travelinfo.com.tr\/pencereli-magara\/#primaryimage"},"image":{"@id":"https:\/\/catalzeytin.travelinfo.com.tr\/pencereli-magara\/#primaryimage"},"thumbnailUrl":"https:\/\/catalzeytin.travelinfo.com.tr\/wp-content\/uploads\/2025\/12\/KORU-YAYLASI-PENCERE23-copy-2.webp","datePublished":"2025-01-12T12:57:50+00:00","dateModified":"2026-01-04T21:26:08+00:00","breadcrumb":{"@id":"https:\/\/catalzeytin.travelinfo.com.tr\/pencereli-magara\/#breadcrumb"},"inLanguage":"en-US","potentialAction":[{"@type":"ReadAction","target":["https:\/\/catalzeytin.travelinfo.com.tr\/pencereli-magara\/"]}]},{"@type":"ImageObject","inLanguage":"en-US","@id":"https:\/\/catalzeytin.travelinfo.com.tr\/pencereli-magara\/#primaryimage","url":"https:\/\/catalzeytin.travelinfo.com.tr\/wp-content\/uploads\/2025\/12\/KORU-YAYLASI-PENCERE23-copy-2.webp","contentUrl":"https:\/\/catalzeytin.travelinfo.com.tr\/wp-content\/uploads\/2025\/12\/KORU-YAYLASI-PENCERE23-copy-2.webp","width":900,"height":1327},{"@type":"BreadcrumbList","@id":"https:\/\/catalzeytin.travelinfo.com.tr\/pencereli-magara\/#breadcrumb","itemListElement":[{"@type":"ListItem","position":1,"name":"Anasayfa","item":"https:\/\/catalzeytin.travelinfo.com.tr\/"},{"@type":"ListItem","position":2,"name":"Pencereli Ma\u011fara"}]},{"@type":"WebSite","@id":"https:\/\/catalzeytin.travelinfo.com.tr\/#website","url":"https:\/\/catalzeytin.travelinfo.com.tr\/","name":"P\u0131narba\u015f\u0131 Gezi Rehberi","description":"\u015eimdi \u00c7atalzeytini gezmek \u00e7ok kolay","publisher":{"@id":"https:\/\/catalzeytin.travelinfo.com.tr\/#organization"},"alternateName":"P\u0131narba\u015f\u0131 Gezi Rehberi","potentialAction":[{"@type":"SearchAction","target":{"@type":"EntryPoint","urlTemplate":"https:\/\/catalzeytin.travelinfo.com.tr\/?s={search_term_string}"},"query-input":{"@type":"PropertyValueSpecification","valueRequired":true,"valueName":"search_term_string"}}],"inLanguage":"en-US"},{"@type":"Organization","@id":"https:\/\/catalzeytin.travelinfo.com.tr\/#organization","name":"P\u0131narba\u015f\u0131 Belediyesi","alternateName":"P\u0131narba\u015f\u0131 Belediyesi","url":"https:\/\/catalzeytin.travelinfo.com.tr\/","logo":{"@type":"ImageObject","inLanguage":"en-US","@id":"https:\/\/catalzeytin.travelinfo.com.tr\/#\/schema\/logo\/image\/","url":"https:\/\/catalzeytin.travelinfo.com.tr\/wp-content\/uploads\/2025\/01\/LOGOWEB.webp","contentUrl":"https:\/\/catalzeytin.travelinfo.com.tr\/wp-content\/uploads\/2025\/01\/LOGOWEB.webp","width":1000,"height":305,"caption":"P\u0131narba\u015f\u0131 Belediyesi"},"image":{"@id":"https:\/\/catalzeytin.travelinfo.com.tr\/#\/schema\/logo\/image\/"}}]}},"_links":{"self":[{"href":"https:\/\/catalzeytin.travelinfo.com.tr\/en\/wp-json\/wp\/v2\/pages\/528","targetHints":{"allow":["GET"]}}],"collection":[{"href":"https:\/\/catalzeytin.travelinfo.com.tr\/en\/wp-json\/wp\/v2\/pages"}],"about":[{"href":"https:\/\/catalzeytin.travelinfo.com.tr\/en\/wp-json\/wp\/v2\/types\/page"}],"author":[{"embeddable":true,"href":"https:\/\/catalzeytin.travelinfo.com.tr\/en\/wp-json\/wp\/v2\/users\/1"}],"replies":[{"embeddable":true,"href":"https:\/\/catalzeytin.travelinfo.com.tr\/en\/wp-json\/wp\/v2\/comments?post=528"}],"version-history":[{"count":44,"href":"https:\/\/catalzeytin.travelinfo.com.tr\/en\/wp-json\/wp\/v2\/pages\/528\/revisions"}],"predecessor-version":[{"id":4668,"href":"https:\/\/catalzeytin.travelinfo.com.tr\/en\/wp-json\/wp\/v2\/pages\/528\/revisions\/4668"}],"wp:featuredmedia":[{"embeddable":true,"href":"https:\/\/catalzeytin.travelinfo.com.tr\/en\/wp-json\/wp\/v2\/media\/4611"}],"wp:attachment":[{"href":"https:\/\/catalzeytin.travelinfo.com.tr\/en\/wp-json\/wp\/v2\/media?parent=528"}],"wp:term":[{"taxonomy":"category","embeddable":true,"href":"https:\/\/catalzeytin.travelinfo.com.tr\/en\/wp-json\/wp\/v2\/categories?post=528"},{"taxonomy":"post_tag","embeddable":true,"href":"https:\/\/catalzeytin.travelinfo.com.tr\/en\/wp-json\/wp\/v2\/tags?post=528"}],"curies":[{"name":"wp","href":"https:\/\/api.w.org\/{rel}","templated":true}]}}