{"id":529,"date":"2025-01-12T12:58:17","date_gmt":"2025-01-12T12:58:17","guid":{"rendered":"https:\/\/catalzeytin.travelinfo.com.tr\/?page_id=529"},"modified":"2026-01-04T20:53:43","modified_gmt":"2026-01-04T20:53:43","slug":"anit-servi-agaci","status":"publish","type":"page","link":"https:\/\/catalzeytin.travelinfo.com.tr\/en\/anit-servi-agaci\/","title":{"rendered":"An\u0131t Servi A\u011fac\u0131"},"content":{"rendered":"<div data-elementor-type=\"wp-page\" data-elementor-id=\"529\" class=\"elementor elementor-529\" data-elementor-post-type=\"page\">\n\t\t\t\t\t\t<section class=\"elementor-section elementor-top-section elementor-element elementor-element-5cea51c elementor-section-boxed elementor-section-height-default elementor-section-height-default\" data-id=\"5cea51c\" data-element_type=\"section\">\n\t\t\t\t\t\t<div class=\"elementor-container elementor-column-gap-default\">\n\t\t\t\t\t<div class=\"elementor-column elementor-col-66 elementor-top-column elementor-element elementor-element-7a73f9e\" data-id=\"7a73f9e\" data-element_type=\"column\">\n\t\t\t<div class=\"elementor-widget-wrap elementor-element-populated\">\n\t\t\t\t\t\t<div class=\"elementor-element elementor-element-39b5363 elementor-widget elementor-widget-heading\" data-id=\"39b5363\" data-element_type=\"widget\" data-widget_type=\"heading.default\">\n\t\t\t\t<div class=\"elementor-widget-container\">\n\t\t\t\t\t<h2 class=\"elementor-heading-title elementor-size-default\">An\u0131t Servi A\u011fac\u0131<\/h2>\t\t\t\t<\/div>\n\t\t\t\t<\/div>\n\t\t\t\t<div class=\"elementor-element elementor-element-b27539e elementor-widget-divider--view-line elementor-widget elementor-widget-divider\" data-id=\"b27539e\" data-element_type=\"widget\" data-widget_type=\"divider.default\">\n\t\t\t\t<div class=\"elementor-widget-container\">\n\t\t\t\t\t\t\t<div class=\"elementor-divider\">\n\t\t\t<span class=\"elementor-divider-separator\">\n\t\t\t\t\t\t<\/span>\n\t\t<\/div>\n\t\t\t\t\t\t<\/div>\n\t\t\t\t<\/div>\n\t\t<div class=\"elementor-element elementor-element-ca451db e-flex e-con-boxed e-con e-parent\" data-id=\"ca451db\" data-element_type=\"container\" data-settings=\"{&quot;background_background&quot;:&quot;classic&quot;}\">\n\t\t\t\t\t<div class=\"e-con-inner\">\n\t\t\t\t<div class=\"elementor-element elementor-element-8c09e1a elementor-widget elementor-widget-image\" data-id=\"8c09e1a\" data-element_type=\"widget\" data-widget_type=\"image.default\">\n\t\t\t\t<div class=\"elementor-widget-container\">\n\t\t\t\t\t\t\t\t\t\t\t\t\t\t\t<img decoding=\"async\" src=\"https:\/\/catalzeytin.travelinfo.com.tr\/wp-content\/uploads\/elementor\/thumbs\/ANIT-AGAC-2-rgb0xuyt33hr4txypwnmxtfir9r7zpehpa9ksn6484.webp\" title=\"ANIT A\u011eA\u00c7-2\" alt=\"ANIT A\u011eA\u00c7-2\" loading=\"lazy\" \/>\t\t\t\t\t\t\t\t\t\t\t\t\t\t\t<\/div>\n\t\t\t\t<\/div>\n\t\t<div class=\"elementor-element elementor-element-238135b e-con-full e-flex e-con e-child\" data-id=\"238135b\" data-element_type=\"container\" data-settings=\"{&quot;background_background&quot;:&quot;classic&quot;}\">\n\t\t<div class=\"elementor-element elementor-element-a6591a4 e-con-full e-flex e-con e-child\" data-id=\"a6591a4\" data-element_type=\"container\" data-settings=\"{&quot;background_background&quot;:&quot;classic&quot;}\">\n\t\t<div class=\"elementor-element elementor-element-4c62f74 e-con-full e-flex e-con e-child\" data-id=\"4c62f74\" data-element_type=\"container\" data-settings=\"{&quot;background_background&quot;:&quot;classic&quot;}\">\n\t\t\t\t<div class=\"elementor-element elementor-element-5c8a016 elementor-widget elementor-widget-image\" data-id=\"5c8a016\" data-element_type=\"widget\" data-widget_type=\"image.default\">\n\t\t\t\t<div class=\"elementor-widget-container\">\n\t\t\t\t\t\t\t\t\t\t\t\t\t\t\t<img decoding=\"async\" src=\"https:\/\/catalzeytin.travelinfo.com.tr\/wp-content\/uploads\/elementor\/thumbs\/audio-01-01-qzul746gwxhrhffokhqysqph1hbg8ci7cjq2xy7z86.webp\" title=\"audio-01-01\" alt=\"audio-01-01\" loading=\"lazy\" \/>\t\t\t\t\t\t\t\t\t\t\t\t\t\t\t<\/div>\n\t\t\t\t<\/div>\n\t\t\t\t<\/div>\n\t\t<div class=\"elementor-element elementor-element-12b9f80 e-con-full e-flex e-con e-child\" data-id=\"12b9f80\" data-element_type=\"container\" data-settings=\"{&quot;background_background&quot;:&quot;classic&quot;}\">\n\t\t\t\t<div class=\"elementor-element elementor-element-f3d6237 elementor-widget elementor-widget-mdp-audier-elementor\" data-id=\"f3d6237\" data-element_type=\"widget\" data-widget_type=\"mdp-audier-elementor.default\">\n\t\t\t\t<div class=\"elementor-widget-container\">\n\t\t\t\t\t<style>.elementor-element-f3d6237{display:none !important}<\/style>\t\t\t\t<\/div>\n\t\t\t\t<\/div>\n\t\t\t\t<div class=\"elementor-element elementor-element-02a929c elementor-widget elementor-widget-mdp-audier-elementor\" data-id=\"02a929c\" data-element_type=\"widget\" data-widget_type=\"mdp-audier-elementor.default\">\n\t\t\t\t<div class=\"elementor-widget-container\">\n\t\t\t\t\t<!-- Start Audier for Elementor WordPress Plugin -->\n                    <div \n                        class=\"mdp-audier-elementor-box mdp-audier-elementor-not-playlist\"\n                        data-controls=\"[&quot;playpause&quot;,&quot;progress&quot;,&quot;duration&quot;]\"\n                        data-player-bool-settings=\"{&quot;enableKeyboard&quot;:&quot;yes&quot;,&quot;hideVolumeOnTouchDevices&quot;:&quot;yes&quot;,&quot;loop&quot;:&quot;no&quot;,&quot;pauseOtherPlayers&quot;:&quot;no&quot;}\"\n                        data-player-settings=\"{&quot;startVolume&quot;:0.8}\"\n                        data-source=\"external\"\n                        data-shuffle-by-default=\"\"\n                    ><\/div>\n                   <!-- End Audier for Elementor WordPress Plugin -->\t\t\t\t<\/div>\n\t\t\t\t<\/div>\n\t\t\t\t<\/div>\n\t\t\t\t<\/div>\n\t\t\t\t<\/div>\n\t\t<div class=\"elementor-element elementor-element-0583186 e-con-full e-flex e-con e-child\" data-id=\"0583186\" data-element_type=\"container\" data-settings=\"{&quot;background_background&quot;:&quot;classic&quot;}\">\n\t\t\t\t<\/div>\n\t\t\t\t\t<\/div>\n\t\t\t\t<\/div>\n\t\t\t\t\t<\/div>\n\t\t<\/div>\n\t\t\t\t<div class=\"elementor-column elementor-col-33 elementor-top-column elementor-element elementor-element-ccd9bc7\" data-id=\"ccd9bc7\" data-element_type=\"column\">\n\t\t\t<div class=\"elementor-widget-wrap elementor-element-populated\">\n\t\t\t\t\t\t<div class=\"elementor-element elementor-element-e71e304 elementor-widget elementor-widget-text-editor\" data-id=\"e71e304\" data-element_type=\"widget\" data-widget_type=\"text-editor.default\">\n\t\t\t\t<div class=\"elementor-widget-container\">\n\t\t\t\t\t\t\t\t\t<p>\u00c7a\u011flar K\u00f6y\u00fc\u2019n\u00fcn merkezinde yer alan 300 y\u0131ll\u0131k an\u0131t servi a\u011fac\u0131, ya\u015fayan bir tarih tan\u0131\u011f\u0131d\u0131r. Y\u00fczy\u0131llar\u0131 devirmi\u015f g\u00f6vdesi ve heybetli duru\u015fuyla k\u00f6y\u00fcn belle\u011fini simgeleyen bu servi, k\u00f6ye ad\u0131m atan herkesin dikkatini hemen \u00fczerine \u00e7eker.<\/p><p>An\u0131t servi a\u011fac\u0131, \u00f6zellikle tarih ve k\u00fclt\u00fcr merakl\u0131lar\u0131 i\u00e7in k\u00f6yde mutlaka g\u00f6r\u00fclmesi gereken duraklardan biridir.<\/p><p>Yan\u0131ndaki tarihi ah\u015fap camiyle birlikte d\u00fc\u015f\u00fcn\u00fcld\u00fc\u011f\u00fcnde, ziyaret\u00e7ilere hem do\u011fal hem de k\u00fclt\u00fcrel miras\u0131n i\u00e7 i\u00e7e ge\u00e7ti\u011fi \u00f6zg\u00fcn bir atmosfer sunar.<\/p><p>K\u00f6y\u00fc gezerken, bu kadim a\u011fac\u0131n g\u00f6lgesinde k\u0131sa bir mola vermek, b\u00f6lgenin ruhunu hissetmenin en g\u00fczel yollar\u0131ndan biridir.<\/p>\t\t\t\t\t\t\t\t<\/div>\n\t\t\t\t<\/div>\n\t\t<div class=\"elementor-element elementor-element-0b793a1 e-flex e-con-boxed e-con e-parent\" data-id=\"0b793a1\" data-element_type=\"container\">\n\t\t\t\t\t<div class=\"e-con-inner\">\n\t\t\t\t<div class=\"elementor-element elementor-element-bfb52da elementor-widget elementor-widget-button\" data-id=\"bfb52da\" data-element_type=\"widget\" data-widget_type=\"button.default\">\n\t\t\t\t<div class=\"elementor-widget-container\">\n\t\t\t\t\t\t\t\t\t<div class=\"elementor-button-wrapper\">\n\t\t\t\t\t<a class=\"elementor-button elementor-button-link elementor-size-sm\" href=\"https:\/\/maps.app.goo.gl\/tBtHKGY1HKXsjKzN8\" target=\"_blank\">\n\t\t\t\t\t\t<span class=\"elementor-button-content-wrapper\">\n\t\t\t\t\t\t\t\t\t<span class=\"elementor-button-text\">Konuma Git &gt;&gt;<\/span>\n\t\t\t\t\t<\/span>\n\t\t\t\t\t<\/a>\n\t\t\t\t<\/div>\n\t\t\t\t\t\t\t\t<\/div>\n\t\t\t\t<\/div>\n\t\t\t\t\t<\/div>\n\t\t\t\t<\/div>\n\t\t\t\t\t<\/div>\n\t\t<\/div>\n\t\t\t\t\t<\/div>\n\t\t<\/section>\n\t\t\t\t<\/div>","protected":false},"excerpt":{"rendered":"<p>An\u0131t Servi A\u011fac\u0131 \u00c7a\u011flar K\u00f6y\u00fc\u2019n\u00fcn merkezinde yer alan 300 y\u0131ll\u0131k an\u0131t servi a\u011fac\u0131, ya\u015fayan bir tarih tan\u0131\u011f\u0131d\u0131r. Y\u00fczy\u0131llar\u0131 devirmi\u015f g\u00f6vdesi ve heybetli duru\u015fuyla k\u00f6y\u00fcn belle\u011fini simgeleyen bu servi, k\u00f6ye ad\u0131m atan herkesin dikkatini hemen \u00fczerine \u00e7eker. An\u0131t servi a\u011fac\u0131, \u00f6zellikle tarih ve k\u00fclt\u00fcr merakl\u0131lar\u0131 i\u00e7in k\u00f6yde mutlaka g\u00f6r\u00fclmesi gereken duraklardan biridir. Yan\u0131ndaki tarihi ah\u015fap camiyle [&hellip;]<\/p>","protected":false},"author":1,"featured_media":4048,"parent":0,"menu_order":0,"comment_status":"closed","ping_status":"closed","template":"","meta":{"_acf_changed":false,"footnotes":""},"categories":[46,32,31],"tags":[],"class_list":["post-529","page","type-page","status-publish","has-post-thumbnail","hentry","category-anit-agac","category-anitlar","category-dogal-anitlar"],"acf":[],"yoast_head":"<!-- This site is optimized with the Yoast SEO plugin v26.2 - https:\/\/yoast.com\/wordpress\/plugins\/seo\/ -->\n<title>An\u0131t Servi A\u011fac\u0131 - \u00c7atalzeytin Gezi Rehberi<\/title>\n<meta name=\"robots\" content=\"index, follow, max-snippet:-1, max-image-preview:large, max-video-preview:-1\" \/>\n<link rel=\"canonical\" href=\"https:\/\/catalzeytin.travelinfo.com.tr\/en\/anit-servi-agaci\/\" \/>\n<meta property=\"og:locale\" content=\"en_US\" \/>\n<meta property=\"og:type\" content=\"article\" \/>\n<meta property=\"og:title\" content=\"An\u0131t Servi A\u011fac\u0131 - \u00c7atalzeytin Gezi Rehberi\" \/>\n<meta property=\"og:description\" content=\"An\u0131t Servi A\u011fac\u0131 \u00c7a\u011flar K\u00f6y\u00fc\u2019n\u00fcn merkezinde yer alan 300 y\u0131ll\u0131k an\u0131t servi a\u011fac\u0131, ya\u015fayan bir tarih tan\u0131\u011f\u0131d\u0131r. Y\u00fczy\u0131llar\u0131 devirmi\u015f g\u00f6vdesi ve heybetli duru\u015fuyla k\u00f6y\u00fcn belle\u011fini simgeleyen bu servi, k\u00f6ye ad\u0131m atan herkesin dikkatini hemen \u00fczerine \u00e7eker. An\u0131t servi a\u011fac\u0131, \u00f6zellikle tarih ve k\u00fclt\u00fcr merakl\u0131lar\u0131 i\u00e7in k\u00f6yde mutlaka g\u00f6r\u00fclmesi gereken duraklardan biridir. Yan\u0131ndaki tarihi ah\u015fap camiyle [&hellip;]\" \/>\n<meta property=\"og:url\" content=\"https:\/\/catalzeytin.travelinfo.com.tr\/en\/anit-servi-agaci\/\" \/>\n<meta property=\"og:site_name\" content=\"\u00c7atalzeytin Gezi Rehberi\" \/>\n<meta property=\"article:modified_time\" content=\"2026-01-04T20:53:43+00:00\" \/>\n<meta property=\"og:image\" content=\"https:\/\/catalzeytin.travelinfo.com.tr\/wp-content\/uploads\/2025\/12\/ANIT-AGAC-2.webp\" \/>\n\t<meta property=\"og:image:width\" content=\"821\" \/>\n\t<meta property=\"og:image:height\" content=\"960\" \/>\n\t<meta property=\"og:image:type\" content=\"image\/webp\" \/>\n<meta name=\"twitter:card\" content=\"summary_large_image\" \/>\n<meta name=\"twitter:label1\" content=\"Est. reading time\" \/>\n\t<meta name=\"twitter:data1\" content=\"2 minutes\" \/>\n<script type=\"application\/ld+json\" class=\"yoast-schema-graph\">{\"@context\":\"https:\/\/schema.org\",\"@graph\":[{\"@type\":\"WebPage\",\"@id\":\"https:\/\/catalzeytin.travelinfo.com.tr\/anit-servi-agaci\/\",\"url\":\"https:\/\/catalzeytin.travelinfo.com.tr\/anit-servi-agaci\/\",\"name\":\"An\u0131t Servi A\u011fac\u0131 - \u00c7atalzeytin Gezi Rehberi\",\"isPartOf\":{\"@id\":\"https:\/\/catalzeytin.travelinfo.com.tr\/#website\"},\"primaryImageOfPage\":{\"@id\":\"https:\/\/catalzeytin.travelinfo.com.tr\/anit-servi-agaci\/#primaryimage\"},\"image\":{\"@id\":\"https:\/\/catalzeytin.travelinfo.com.tr\/anit-servi-agaci\/#primaryimage\"},\"thumbnailUrl\":\"https:\/\/catalzeytin.travelinfo.com.tr\/wp-content\/uploads\/2025\/12\/ANIT-AGAC-2.webp\",\"datePublished\":\"2025-01-12T12:58:17+00:00\",\"dateModified\":\"2026-01-04T20:53:43+00:00\",\"breadcrumb\":{\"@id\":\"https:\/\/catalzeytin.travelinfo.com.tr\/anit-servi-agaci\/#breadcrumb\"},\"inLanguage\":\"en-US\",\"potentialAction\":[{\"@type\":\"ReadAction\",\"target\":[\"https:\/\/catalzeytin.travelinfo.com.tr\/anit-servi-agaci\/\"]}]},{\"@type\":\"ImageObject\",\"inLanguage\":\"en-US\",\"@id\":\"https:\/\/catalzeytin.travelinfo.com.tr\/anit-servi-agaci\/#primaryimage\",\"url\":\"https:\/\/catalzeytin.travelinfo.com.tr\/wp-content\/uploads\/2025\/12\/ANIT-AGAC-2.webp\",\"contentUrl\":\"https:\/\/catalzeytin.travelinfo.com.tr\/wp-content\/uploads\/2025\/12\/ANIT-AGAC-2.webp\",\"width\":821,\"height\":960},{\"@type\":\"BreadcrumbList\",\"@id\":\"https:\/\/catalzeytin.travelinfo.com.tr\/anit-servi-agaci\/#breadcrumb\",\"itemListElement\":[{\"@type\":\"ListItem\",\"position\":1,\"name\":\"Anasayfa\",\"item\":\"https:\/\/catalzeytin.travelinfo.com.tr\/\"},{\"@type\":\"ListItem\",\"position\":2,\"name\":\"An\u0131t Servi A\u011fac\u0131\"}]},{\"@type\":\"WebSite\",\"@id\":\"https:\/\/catalzeytin.travelinfo.com.tr\/#website\",\"url\":\"https:\/\/catalzeytin.travelinfo.com.tr\/\",\"name\":\"P\u0131narba\u015f\u0131 Gezi Rehberi\",\"description\":\"\u015eimdi \u00c7atalzeytini gezmek \u00e7ok kolay\",\"publisher\":{\"@id\":\"https:\/\/catalzeytin.travelinfo.com.tr\/#organization\"},\"alternateName\":\"P\u0131narba\u015f\u0131 Gezi Rehberi\",\"potentialAction\":[{\"@type\":\"SearchAction\",\"target\":{\"@type\":\"EntryPoint\",\"urlTemplate\":\"https:\/\/catalzeytin.travelinfo.com.tr\/?s={search_term_string}\"},\"query-input\":{\"@type\":\"PropertyValueSpecification\",\"valueRequired\":true,\"valueName\":\"search_term_string\"}}],\"inLanguage\":\"en-US\"},{\"@type\":\"Organization\",\"@id\":\"https:\/\/catalzeytin.travelinfo.com.tr\/#organization\",\"name\":\"P\u0131narba\u015f\u0131 Belediyesi\",\"alternateName\":\"P\u0131narba\u015f\u0131 Belediyesi\",\"url\":\"https:\/\/catalzeytin.travelinfo.com.tr\/\",\"logo\":{\"@type\":\"ImageObject\",\"inLanguage\":\"en-US\",\"@id\":\"https:\/\/catalzeytin.travelinfo.com.tr\/#\/schema\/logo\/image\/\",\"url\":\"https:\/\/catalzeytin.travelinfo.com.tr\/wp-content\/uploads\/2025\/01\/LOGOWEB.webp\",\"contentUrl\":\"https:\/\/catalzeytin.travelinfo.com.tr\/wp-content\/uploads\/2025\/01\/LOGOWEB.webp\",\"width\":1000,\"height\":305,\"caption\":\"P\u0131narba\u015f\u0131 Belediyesi\"},\"image\":{\"@id\":\"https:\/\/catalzeytin.travelinfo.com.tr\/#\/schema\/logo\/image\/\"}}]}<\/script>\n<!-- \/ Yoast SEO plugin. -->","yoast_head_json":{"title":"An\u0131t Servi A\u011fac\u0131 - \u00c7atalzeytin Gezi Rehberi","robots":{"index":"index","follow":"follow","max-snippet":"max-snippet:-1","max-image-preview":"max-image-preview:large","max-video-preview":"max-video-preview:-1"},"canonical":"https:\/\/catalzeytin.travelinfo.com.tr\/en\/anit-servi-agaci\/","og_locale":"en_US","og_type":"article","og_title":"An\u0131t Servi A\u011fac\u0131 - \u00c7atalzeytin Gezi Rehberi","og_description":"An\u0131t Servi A\u011fac\u0131 \u00c7a\u011flar K\u00f6y\u00fc\u2019n\u00fcn merkezinde yer alan 300 y\u0131ll\u0131k an\u0131t servi a\u011fac\u0131, ya\u015fayan bir tarih tan\u0131\u011f\u0131d\u0131r. Y\u00fczy\u0131llar\u0131 devirmi\u015f g\u00f6vdesi ve heybetli duru\u015fuyla k\u00f6y\u00fcn belle\u011fini simgeleyen bu servi, k\u00f6ye ad\u0131m atan herkesin dikkatini hemen \u00fczerine \u00e7eker. An\u0131t servi a\u011fac\u0131, \u00f6zellikle tarih ve k\u00fclt\u00fcr merakl\u0131lar\u0131 i\u00e7in k\u00f6yde mutlaka g\u00f6r\u00fclmesi gereken duraklardan biridir. Yan\u0131ndaki tarihi ah\u015fap camiyle [&hellip;]","og_url":"https:\/\/catalzeytin.travelinfo.com.tr\/en\/anit-servi-agaci\/","og_site_name":"\u00c7atalzeytin Gezi Rehberi","article_modified_time":"2026-01-04T20:53:43+00:00","og_image":[{"width":821,"height":960,"url":"https:\/\/catalzeytin.travelinfo.com.tr\/wp-content\/uploads\/2025\/12\/ANIT-AGAC-2.webp","type":"image\/webp"}],"twitter_card":"summary_large_image","twitter_misc":{"Est. reading time":"2 minutes"},"schema":{"@context":"https:\/\/schema.org","@graph":[{"@type":"WebPage","@id":"https:\/\/catalzeytin.travelinfo.com.tr\/anit-servi-agaci\/","url":"https:\/\/catalzeytin.travelinfo.com.tr\/anit-servi-agaci\/","name":"An\u0131t Servi A\u011fac\u0131 - \u00c7atalzeytin Gezi Rehberi","isPartOf":{"@id":"https:\/\/catalzeytin.travelinfo.com.tr\/#website"},"primaryImageOfPage":{"@id":"https:\/\/catalzeytin.travelinfo.com.tr\/anit-servi-agaci\/#primaryimage"},"image":{"@id":"https:\/\/catalzeytin.travelinfo.com.tr\/anit-servi-agaci\/#primaryimage"},"thumbnailUrl":"https:\/\/catalzeytin.travelinfo.com.tr\/wp-content\/uploads\/2025\/12\/ANIT-AGAC-2.webp","datePublished":"2025-01-12T12:58:17+00:00","dateModified":"2026-01-04T20:53:43+00:00","breadcrumb":{"@id":"https:\/\/catalzeytin.travelinfo.com.tr\/anit-servi-agaci\/#breadcrumb"},"inLanguage":"en-US","potentialAction":[{"@type":"ReadAction","target":["https:\/\/catalzeytin.travelinfo.com.tr\/anit-servi-agaci\/"]}]},{"@type":"ImageObject","inLanguage":"en-US","@id":"https:\/\/catalzeytin.travelinfo.com.tr\/anit-servi-agaci\/#primaryimage","url":"https:\/\/catalzeytin.travelinfo.com.tr\/wp-content\/uploads\/2025\/12\/ANIT-AGAC-2.webp","contentUrl":"https:\/\/catalzeytin.travelinfo.com.tr\/wp-content\/uploads\/2025\/12\/ANIT-AGAC-2.webp","width":821,"height":960},{"@type":"BreadcrumbList","@id":"https:\/\/catalzeytin.travelinfo.com.tr\/anit-servi-agaci\/#breadcrumb","itemListElement":[{"@type":"ListItem","position":1,"name":"Anasayfa","item":"https:\/\/catalzeytin.travelinfo.com.tr\/"},{"@type":"ListItem","position":2,"name":"An\u0131t Servi A\u011fac\u0131"}]},{"@type":"WebSite","@id":"https:\/\/catalzeytin.travelinfo.com.tr\/#website","url":"https:\/\/catalzeytin.travelinfo.com.tr\/","name":"P\u0131narba\u015f\u0131 Gezi Rehberi","description":"\u015eimdi \u00c7atalzeytini gezmek \u00e7ok kolay","publisher":{"@id":"https:\/\/catalzeytin.travelinfo.com.tr\/#organization"},"alternateName":"P\u0131narba\u015f\u0131 Gezi Rehberi","potentialAction":[{"@type":"SearchAction","target":{"@type":"EntryPoint","urlTemplate":"https:\/\/catalzeytin.travelinfo.com.tr\/?s={search_term_string}"},"query-input":{"@type":"PropertyValueSpecification","valueRequired":true,"valueName":"search_term_string"}}],"inLanguage":"en-US"},{"@type":"Organization","@id":"https:\/\/catalzeytin.travelinfo.com.tr\/#organization","name":"P\u0131narba\u015f\u0131 Belediyesi","alternateName":"P\u0131narba\u015f\u0131 Belediyesi","url":"https:\/\/catalzeytin.travelinfo.com.tr\/","logo":{"@type":"ImageObject","inLanguage":"en-US","@id":"https:\/\/catalzeytin.travelinfo.com.tr\/#\/schema\/logo\/image\/","url":"https:\/\/catalzeytin.travelinfo.com.tr\/wp-content\/uploads\/2025\/01\/LOGOWEB.webp","contentUrl":"https:\/\/catalzeytin.travelinfo.com.tr\/wp-content\/uploads\/2025\/01\/LOGOWEB.webp","width":1000,"height":305,"caption":"P\u0131narba\u015f\u0131 Belediyesi"},"image":{"@id":"https:\/\/catalzeytin.travelinfo.com.tr\/#\/schema\/logo\/image\/"}}]}},"_links":{"self":[{"href":"https:\/\/catalzeytin.travelinfo.com.tr\/en\/wp-json\/wp\/v2\/pages\/529","targetHints":{"allow":["GET"]}}],"collection":[{"href":"https:\/\/catalzeytin.travelinfo.com.tr\/en\/wp-json\/wp\/v2\/pages"}],"about":[{"href":"https:\/\/catalzeytin.travelinfo.com.tr\/en\/wp-json\/wp\/v2\/types\/page"}],"author":[{"embeddable":true,"href":"https:\/\/catalzeytin.travelinfo.com.tr\/en\/wp-json\/wp\/v2\/users\/1"}],"replies":[{"embeddable":true,"href":"https:\/\/catalzeytin.travelinfo.com.tr\/en\/wp-json\/wp\/v2\/comments?post=529"}],"version-history":[{"count":43,"href":"https:\/\/catalzeytin.travelinfo.com.tr\/en\/wp-json\/wp\/v2\/pages\/529\/revisions"}],"predecessor-version":[{"id":4646,"href":"https:\/\/catalzeytin.travelinfo.com.tr\/en\/wp-json\/wp\/v2\/pages\/529\/revisions\/4646"}],"wp:featuredmedia":[{"embeddable":true,"href":"https:\/\/catalzeytin.travelinfo.com.tr\/en\/wp-json\/wp\/v2\/media\/4048"}],"wp:attachment":[{"href":"https:\/\/catalzeytin.travelinfo.com.tr\/en\/wp-json\/wp\/v2\/media?parent=529"}],"wp:term":[{"taxonomy":"category","embeddable":true,"href":"https:\/\/catalzeytin.travelinfo.com.tr\/en\/wp-json\/wp\/v2\/categories?post=529"},{"taxonomy":"post_tag","embeddable":true,"href":"https:\/\/catalzeytin.travelinfo.com.tr\/en\/wp-json\/wp\/v2\/tags?post=529"}],"curies":[{"name":"wp","href":"https:\/\/api.w.org\/{rel}","templated":true}]}}